{"id":1039,"date":"2022-03-31T08:44:50","date_gmt":"2022-03-31T08:44:50","guid":{"rendered":"https:\/\/www.obozrolkowy.pl\/?page_id=1039"},"modified":"2026-03-05T08:28:58","modified_gmt":"2026-03-05T08:28:58","slug":"polkolonie-rolkowe-2026","status":"publish","type":"page","link":"https:\/\/www.obozrolkowy.pl\/index.php\/polkolonie\/polkolonie-rolkowe-2026\/","title":{"rendered":"Letnie P\u00f3\u0142kolonie Rolkowe"},"content":{"rendered":"<div id=\"fb-root\"><\/div>\n\n<p>Wakacje ju\u017c bardzo blisko. Je\u015bli jeszcze nie masz pomys\u0142u, jak zagospodarowa\u0107 swojemu dziecku czas w tym okresie \u2013 spieszymy z pomoc\u0105. Nasza fundacja organizuje w nadchodz\u0105ce wakacje&nbsp;<strong>P\u00d3\u0141KOLONIE ROLKOWE DLA DZIECI&nbsp;<\/strong>. Codziennie w godzinach&nbsp;<strong>8.00 \u2013 16.45<\/strong>&nbsp;zajmiemy si\u0119 Twoj\u0105 pociech\u0105.<\/p>\n\n\n\n<p>Gwarantujemy aktywne zaj\u0119cia z du\u017c\u0105 porcj\u0105 gier i zabaw \ud83d\ude42<\/p>\n\n\n\n<p>Zaj\u0119cia obejmuj\u0105 nauk\u0119 podstaw jazdy na rolkach, dla \u015brednio i zaawansowanych, slalomu oraz jazdy po torze przeszk\u00f3d w podziale na grupy pod katem umiej\u0119tno\u015bci.<br>Przewidujemy 3-4 grupy w zale\u017cno\u015bci od poziomu jazdy Pa\u0144stwa dziecka<\/p>\n\n\n\n<figure class=\"wp-block-gallery has-nested-images columns-default is-cropped wp-block-gallery-1 is-layout-flex wp-block-gallery-is-layout-flex\">\n<figure class=\"wp-block-image size-large\"><img loading=\"lazy\" decoding=\"async\" width=\"1024\" height=\"576\" data-id=\"1881\" src=\"https:\/\/www.obozrolkowy.pl\/wp-content\/uploads\/2024\/03\/419233028_830246892446566_2348632162623197863_n-1024x576.jpg\" alt=\"\" class=\"wp-image-1881\" srcset=\"https:\/\/www.obozrolkowy.pl\/wp-content\/uploads\/2024\/03\/419233028_830246892446566_2348632162623197863_n-1024x576.jpg 1024w, https:\/\/www.obozrolkowy.pl\/wp-content\/uploads\/2024\/03\/419233028_830246892446566_2348632162623197863_n-300x169.jpg 300w, https:\/\/www.obozrolkowy.pl\/wp-content\/uploads\/2024\/03\/419233028_830246892446566_2348632162623197863_n-768x432.jpg 768w, https:\/\/www.obozrolkowy.pl\/wp-content\/uploads\/2024\/03\/419233028_830246892446566_2348632162623197863_n-1536x864.jpg 1536w, https:\/\/www.obozrolkowy.pl\/wp-content\/uploads\/2024\/03\/419233028_830246892446566_2348632162623197863_n.jpg 2048w\" sizes=\"auto, (max-width: 1024px) 100vw, 1024px\" \/><\/figure>\n<\/figure>\n\n\n\n<p><strong>Atrakcje:<\/strong><\/p>\n\n\n\n<ul class=\"wp-block-list\">\n<li>Codzienne zaj\u0119cia jazdy na rolkach 2 bloki zaj\u0119\u0107 po oko\u0142o 1,5-2h ka\u017cdy<\/li>\n\n\n\n<li>Codziennie inna atrakcja dnia<br><\/li>\n<\/ul>\n\n\n\n<figure class=\"wp-block-gallery has-nested-images columns-default is-cropped wp-block-gallery-2 is-layout-flex wp-block-gallery-is-layout-flex\">\n<figure class=\"wp-block-image size-large\"><img loading=\"lazy\" decoding=\"async\" width=\"1024\" height=\"768\" data-id=\"2606\" src=\"https:\/\/www.obozrolkowy.pl\/wp-content\/uploads\/2026\/02\/529841898_1258085216329396_5396440601895684141_n-1024x768.jpg\" alt=\"\" class=\"wp-image-2606\" srcset=\"https:\/\/www.obozrolkowy.pl\/wp-content\/uploads\/2026\/02\/529841898_1258085216329396_5396440601895684141_n-1024x768.jpg 1024w, https:\/\/www.obozrolkowy.pl\/wp-content\/uploads\/2026\/02\/529841898_1258085216329396_5396440601895684141_n-300x225.jpg 300w, https:\/\/www.obozrolkowy.pl\/wp-content\/uploads\/2026\/02\/529841898_1258085216329396_5396440601895684141_n-768x576.jpg 768w, https:\/\/www.obozrolkowy.pl\/wp-content\/uploads\/2026\/02\/529841898_1258085216329396_5396440601895684141_n-1536x1152.jpg 1536w, https:\/\/www.obozrolkowy.pl\/wp-content\/uploads\/2026\/02\/529841898_1258085216329396_5396440601895684141_n.jpg 1600w\" sizes=\"auto, (max-width: 1024px) 100vw, 1024px\" \/><\/figure>\n\n\n\n<figure class=\"wp-block-image size-large\"><img loading=\"lazy\" decoding=\"async\" width=\"1024\" height=\"768\" data-id=\"1491\" src=\"https:\/\/www.obozrolkowy.pl\/wp-content\/uploads\/2023\/04\/297768106_5304411672927834_814308575373863733_n-1024x768.jpg\" alt=\"\" class=\"wp-image-1491\" srcset=\"https:\/\/www.obozrolkowy.pl\/wp-content\/uploads\/2023\/04\/297768106_5304411672927834_814308575373863733_n-1024x768.jpg 1024w, https:\/\/www.obozrolkowy.pl\/wp-content\/uploads\/2023\/04\/297768106_5304411672927834_814308575373863733_n-300x225.jpg 300w, https:\/\/www.obozrolkowy.pl\/wp-content\/uploads\/2023\/04\/297768106_5304411672927834_814308575373863733_n-768x576.jpg 768w, https:\/\/www.obozrolkowy.pl\/wp-content\/uploads\/2023\/04\/297768106_5304411672927834_814308575373863733_n-1536x1152.jpg 1536w, https:\/\/www.obozrolkowy.pl\/wp-content\/uploads\/2023\/04\/297768106_5304411672927834_814308575373863733_n.jpg 1600w\" sizes=\"auto, (max-width: 1024px) 100vw, 1024px\" \/><\/figure>\n<\/figure>\n\n\n\n<p><strong>Zaj\u0119cia prowadzi\u0107 b\u0119d\u0105 do\u015bwiadczeni w pracy z dzie\u0107mi instruktorzy Rollschool<\/strong>.<\/p>\n\n\n\n<figure class=\"wp-block-gallery has-nested-images columns-default is-cropped wp-block-gallery-3 is-layout-flex wp-block-gallery-is-layout-flex\">\n<figure class=\"wp-block-image size-large\"><img loading=\"lazy\" decoding=\"async\" width=\"1024\" height=\"576\" data-id=\"1088\" src=\"https:\/\/www.obozrolkowy.pl\/wp-content\/uploads\/2022\/03\/IMG_20210714_122219-1024x576.jpg\" alt=\"\" class=\"wp-image-1088\" srcset=\"https:\/\/www.obozrolkowy.pl\/wp-content\/uploads\/2022\/03\/IMG_20210714_122219-1024x576.jpg 1024w, https:\/\/www.obozrolkowy.pl\/wp-content\/uploads\/2022\/03\/IMG_20210714_122219-300x169.jpg 300w, https:\/\/www.obozrolkowy.pl\/wp-content\/uploads\/2022\/03\/IMG_20210714_122219-768x432.jpg 768w, https:\/\/www.obozrolkowy.pl\/wp-content\/uploads\/2022\/03\/IMG_20210714_122219-1536x864.jpg 1536w, https:\/\/www.obozrolkowy.pl\/wp-content\/uploads\/2022\/03\/IMG_20210714_122219-2048x1152.jpg 2048w\" sizes=\"auto, (max-width: 1024px) 100vw, 1024px\" \/><\/figure>\n\n\n\n<figure class=\"wp-block-image size-full\"><img loading=\"lazy\" decoding=\"async\" width=\"960\" height=\"540\" data-id=\"1884\" src=\"https:\/\/www.obozrolkowy.pl\/wp-content\/uploads\/2024\/03\/371115378_741286911342565_4304641818460362029_n.jpg\" alt=\"\" class=\"wp-image-1884\" srcset=\"https:\/\/www.obozrolkowy.pl\/wp-content\/uploads\/2024\/03\/371115378_741286911342565_4304641818460362029_n.jpg 960w, https:\/\/www.obozrolkowy.pl\/wp-content\/uploads\/2024\/03\/371115378_741286911342565_4304641818460362029_n-300x169.jpg 300w, https:\/\/www.obozrolkowy.pl\/wp-content\/uploads\/2024\/03\/371115378_741286911342565_4304641818460362029_n-768x432.jpg 768w\" sizes=\"auto, (max-width: 960px) 100vw, 960px\" \/><\/figure>\n\n\n\n<figure class=\"wp-block-image size-large\"><img loading=\"lazy\" decoding=\"async\" width=\"1024\" height=\"576\" data-id=\"1494\" src=\"https:\/\/www.obozrolkowy.pl\/wp-content\/uploads\/2023\/04\/298673238_5321842627851405_2957331252714198310_n-1024x576.jpg\" alt=\"\" class=\"wp-image-1494\" srcset=\"https:\/\/www.obozrolkowy.pl\/wp-content\/uploads\/2023\/04\/298673238_5321842627851405_2957331252714198310_n-1024x576.jpg 1024w, https:\/\/www.obozrolkowy.pl\/wp-content\/uploads\/2023\/04\/298673238_5321842627851405_2957331252714198310_n-300x169.jpg 300w, https:\/\/www.obozrolkowy.pl\/wp-content\/uploads\/2023\/04\/298673238_5321842627851405_2957331252714198310_n-768x432.jpg 768w, https:\/\/www.obozrolkowy.pl\/wp-content\/uploads\/2023\/04\/298673238_5321842627851405_2957331252714198310_n-1536x864.jpg 1536w, https:\/\/www.obozrolkowy.pl\/wp-content\/uploads\/2023\/04\/298673238_5321842627851405_2957331252714198310_n.jpg 2048w\" sizes=\"auto, (max-width: 1024px) 100vw, 1024px\" \/><\/figure>\n\n\n\n<figure class=\"wp-block-image size-large\"><img loading=\"lazy\" decoding=\"async\" width=\"1024\" height=\"576\" data-id=\"1882\" src=\"https:\/\/www.obozrolkowy.pl\/wp-content\/uploads\/2024\/03\/419344118_832358828902039_5351466342801585087_n-1024x576.jpg\" alt=\"\" class=\"wp-image-1882\" srcset=\"https:\/\/www.obozrolkowy.pl\/wp-content\/uploads\/2024\/03\/419344118_832358828902039_5351466342801585087_n-1024x576.jpg 1024w, https:\/\/www.obozrolkowy.pl\/wp-content\/uploads\/2024\/03\/419344118_832358828902039_5351466342801585087_n-300x169.jpg 300w, https:\/\/www.obozrolkowy.pl\/wp-content\/uploads\/2024\/03\/419344118_832358828902039_5351466342801585087_n-768x432.jpg 768w, https:\/\/www.obozrolkowy.pl\/wp-content\/uploads\/2024\/03\/419344118_832358828902039_5351466342801585087_n-1536x864.jpg 1536w, https:\/\/www.obozrolkowy.pl\/wp-content\/uploads\/2024\/03\/419344118_832358828902039_5351466342801585087_n.jpg 2048w\" sizes=\"auto, (max-width: 1024px) 100vw, 1024px\" \/><\/figure>\n\n\n\n<figure class=\"wp-block-image size-full\"><img loading=\"lazy\" decoding=\"async\" width=\"960\" height=\"540\" data-id=\"1885\" src=\"https:\/\/www.obozrolkowy.pl\/wp-content\/uploads\/2024\/03\/369782853_741286818009241_7147431654381095504_n.jpg\" alt=\"\" class=\"wp-image-1885\" srcset=\"https:\/\/www.obozrolkowy.pl\/wp-content\/uploads\/2024\/03\/369782853_741286818009241_7147431654381095504_n.jpg 960w, https:\/\/www.obozrolkowy.pl\/wp-content\/uploads\/2024\/03\/369782853_741286818009241_7147431654381095504_n-300x169.jpg 300w, https:\/\/www.obozrolkowy.pl\/wp-content\/uploads\/2024\/03\/369782853_741286818009241_7147431654381095504_n-768x432.jpg 768w\" sizes=\"auto, (max-width: 960px) 100vw, 960px\" \/><\/figure>\n\n\n\n<figure class=\"wp-block-image size-large\"><img loading=\"lazy\" decoding=\"async\" width=\"1024\" height=\"769\" data-id=\"1490\" src=\"https:\/\/www.obozrolkowy.pl\/wp-content\/uploads\/2023\/04\/297508138_5304412826261052_7891476413902020351_n-1024x769.jpg\" alt=\"\" class=\"wp-image-1490\" srcset=\"https:\/\/www.obozrolkowy.pl\/wp-content\/uploads\/2023\/04\/297508138_5304412826261052_7891476413902020351_n-1024x769.jpg 1024w, https:\/\/www.obozrolkowy.pl\/wp-content\/uploads\/2023\/04\/297508138_5304412826261052_7891476413902020351_n-300x225.jpg 300w, https:\/\/www.obozrolkowy.pl\/wp-content\/uploads\/2023\/04\/297508138_5304412826261052_7891476413902020351_n-768x576.jpg 768w, https:\/\/www.obozrolkowy.pl\/wp-content\/uploads\/2023\/04\/297508138_5304412826261052_7891476413902020351_n-1536x1153.jpg 1536w, https:\/\/www.obozrolkowy.pl\/wp-content\/uploads\/2023\/04\/297508138_5304412826261052_7891476413902020351_n.jpg 2048w\" sizes=\"auto, (max-width: 1024px) 100vw, 1024px\" \/><\/figure>\n<\/figure>\n\n\n\n<p><strong>Wiek uczestnik\u00f3w:<\/strong><br>6-13 lat<\/p>\n\n\n\n<p><strong>Cena za turnus<\/strong><\/p>\n\n\n\n<ul class=\"wp-block-list\">\n<li><strong>1300 z\u0142<\/strong> \u2013 przy zapisie oraz wp\u0142acie zaliczki do <strong>31 marca<\/strong><\/li>\n\n\n\n<li><strong>1350 z\u0142<\/strong> \u2013 przy zapisie oraz wp\u0142acie zaliczki od <strong>1 kwietnia<\/strong><\/li>\n<\/ul>\n\n\n\n<h3 class=\"wp-block-heading\">Zni\u017cki<\/h3>\n\n\n\n<ul class=\"wp-block-list\">\n<li>Dla <strong>rodze\u0144stwa<\/strong> (drugie i kolejne dziecko) oraz <strong>dotychczasowych uczni\u00f3w Rollschool<\/strong> przys\u0142uguje zni\u017cka <strong>50 z\u0142\/os.<\/strong><\/li>\n\n\n\n<li>Zni\u017cki <strong>sumuj\u0105 si\u0119 w ramach jednego turnusu<\/strong>.<\/li>\n<\/ul>\n\n\n\n<p>Dodatkowo, w przypadku dostarczenia prawid\u0142owo wype\u0142nionej karty kwalifikacyjnej, podpisanej przez oboje rodzic\u00f3w (opiekun\u00f3w prawnych), w formie orygina\u0142u lub przes\u0142anej e-mailem z podpisem kwalifikowanym, w terminie 7 dni od zapisu i wp\u0142aty zaliczki, przys\u0142uguje dodatkowa zni\u017cka w wysoko\u015bci 50 z\u0142, <strong>obowi\u0105zuj\u0105ca do ko\u0144ca kwietnia 2026 roku<\/strong>.<\/p>\n\n\n\n<p><\/p>\n\n\n\n<p><strong>Tak by\u0142o w zesz\u0142ym roku na p\u00f3\u0142koloniach rolkowych z Rollschool (galerie zdj\u0119\u0107):<\/strong><\/p>\n\n\n\n<p><a href=\"https:\/\/www.facebook.com\/media\/set\/?set=a.1244117141059537&amp;type=3\">I Turnus <\/a><\/p>\n\n\n\n<p><a href=\"https:\/\/www.facebook.com\/media\/set\/?set=a.1250158557122062&amp;type=3\">II Turnus<\/a><\/p>\n\n\n\n<p><a href=\"https:\/\/www.facebook.com\/media\/set\/?set=a.731801078957815&amp;type=3\">III <\/a><a href=\"https:\/\/www.facebook.com\/media\/set\/?set=a.1258090166328901&amp;type=3\">Turnus<\/a><\/p>\n\n\n\n<p><a href=\"https:\/\/www.facebook.com\/media\/set\/?set=a.1276639931140591&amp;type=3\" class=\"\/* kontener je\u015bli linki s\u0105 jeden pod drugim *\/ .album-list { display: grid; grid-template-columns: repeat(auto-fit minmax(220px 1fr)); gap: 18px; margin-top: 20px; } \/* kafelek albumu *\/ .album-link { display: block; padding: 26px 20px; border-radius: 14px; background: linear-gradient(135deg #f6f8fb #e9eef5); text-decoration: none !important; color: #1f2d3d !important; font-weight: 600; font-size: 20px; text-align: center; box-shadow: 0 6px 16px rgba(0 0 0 0.08); transition: all .25s ease; position: relative; overflow: hidden; } \/* hover efekt *\/ .album-link:hover { transform: translateY(-5px) scale(1.02); box-shadow: 0 14px 30px rgba(0 0 0 0.15); background: linear-gradient(135deg #4da3ff #1e6de0); color: #fff !important; } \/* ikonka aparatu *\/ .album-link::before { content: &quot;\ud83d\udcf8&quot;; display: block; font-size: 36px; margin-bottom: 8px; transition: transform .25s ease; } .album-link:hover::before { transform: scale(1.2) rotate(-6deg); }\">IV Turnus<\/a><\/p>\n\n\n\n<h2 class=\"wp-block-heading has-text-align-center\">Zapisy na I turnus 20 &#8211; 24 lipca 2026<\/h2>\n\n\n\n<script src=\"https:\/\/rollschool.skaleo.pl\/wp-content\/themes\/skaleo\/js\/iframeResizer.min.js?v=1.13\"><\/script><iframe class=\"skaleo-iframe\" id=\"iFrameSkaleo329\" src=\"https:\/\/rollschool.skaleo.pl\/wyjazdy\/letnie-polkolonie-w-rollschool-turnus-i-21-lipca-25-lipca-2025\/?registration=popup&#038;singles_only=false&#038;lang=pl_PL\"  style=\"width:1px; min-width: 100%;max-width: 100%; border:none; margin:0; padding:0; overflow:hidden;\"><\/iframe>\n\n\n\n<h2 class=\"wp-block-heading has-text-align-center\">Zapisy na II Turnus 27 lipca &#8211; 31 lipca 2026<\/h2>\n\n\n\n<script src=\"https:\/\/rollschool.skaleo.pl\/wp-content\/themes\/skaleo\/js\/iframeResizer.min.js?v=1.13\"><\/script><iframe class=\"skaleo-iframe\" id=\"iFrameSkaleo335\" src=\"https:\/\/rollschool.skaleo.pl\/wyjazdy\/letnie-polkolonie-w-rollschool-turnus-i-20-lipca-24-lipca-2026\/?registration=popup&#038;singles_only=false&#038;lang=pl_PL\"  style=\"width:1px; min-width: 100%;max-width: 100%; border:none; margin:0; padding:0; overflow:hidden;\"><\/iframe>\n\n\n\n<h2 class=\"wp-block-heading has-text-align-center\">Zapisy na III Turnus 3 &#8211; 7 sierpnia 2026<\/h2>\n\n\n\n<script src=\"https:\/\/rollschool.skaleo.pl\/wp-content\/themes\/skaleo\/js\/iframeResizer.min.js?v=1.13\"><\/script><iframe class=\"skaleo-iframe\" id=\"iFrameSkaleo338\" src=\"https:\/\/rollschool.skaleo.pl\/wyjazdy\/letnie-polkolonie-w-rollschool-turnus-ii-27-lipca-31-lipca-2026\/?registration=popup&#038;singles_only=false&#038;lang=pl_PL\"  style=\"width:1px; min-width: 100%;max-width: 100%; border:none; margin:0; padding:0; overflow:hidden;\"><\/iframe>\n\n\n\n<h2 class=\"wp-block-heading has-text-align-center\">Zapisy na IV Turnus 10 &#8211; 14 sierpnia 2026<\/h2>\n\n\n\n<script src=\"https:\/\/rollschool.skaleo.pl\/wp-content\/themes\/skaleo\/js\/iframeResizer.min.js?v=1.13\"><\/script><iframe class=\"skaleo-iframe\" id=\"iFrameSkaleo341\" src=\"https:\/\/rollschool.skaleo.pl\/wyjazdy\/letnie-polkolonie-w-rollschool-turnus-iii-3-7-sierpnia-2026\/?registration=popup&#038;singles_only=false&#038;lang=pl_PL\"  style=\"width:1px; min-width: 100%;max-width: 100%; border:none; margin:0; padding:0; overflow:hidden;\"><\/iframe>\n\n\n\n<h2 class=\"wp-block-heading has-text-align-center\">Zapisy na V Turnus 17 &#8211; 21 sierpnia 2026<\/h2>\n\n\n\n<script src=\"https:\/\/rollschool.skaleo.pl\/wp-content\/themes\/skaleo\/js\/iframeResizer.min.js?v=1.13\"><\/script><iframe class=\"skaleo-iframe\" id=\"iFrameSkaleo344\" src=\"https:\/\/rollschool.skaleo.pl\/wyjazdy\/letnie-polkolonie-w-rollschool-turnus-iv-10-14-sierpnia\/?registration=popup&#038;singles_only=false&#038;lang=pl_PL\"  style=\"width:1px; min-width: 100%;max-width: 100%; border:none; margin:0; padding:0; overflow:hidden;\"><\/iframe>\n\n\n\n<h2 class=\"wp-block-heading has-text-align-center\">Zapisy na VI Turnus 24 &#8211; 28 sierpnia 2026<\/h2>\n\n\n\n<script src=\"https:\/\/rollschool.skaleo.pl\/wp-content\/themes\/skaleo\/js\/iframeResizer.min.js?v=1.13\"><\/script><iframe class=\"skaleo-iframe\" id=\"iFrameSkaleo348\" src=\"https:\/\/rollschool.skaleo.pl\/wyjazdy\/letnie-polkolonie-w-rollschool-turnus-v-17-21-sierpnia-2\/?registration=popup&#038;singles_only=false&#038;lang=pl_PL\"  style=\"width:1px; min-width: 100%;max-width: 100%; border:none; margin:0; padding:0; overflow:hidden;\"><\/iframe>\n\n\n\n<p>Aby dopisa\u0107 dziecko na list\u0119 rezerwow\u0105 p\u00f3\u0142kolonii, prosimy o kontakt mailowy na <strong><a>wyjazdy@rollschool.pl<\/a><\/strong>.<br>W wiadomo\u015bci prosimy poda\u0107: wiek dziecka, wybrany turnus oraz numer telefonu \u2013 u\u0142atwi to szybki kontakt w przypadku zwolnienia miejsca.<\/p>\n\n\n\n<p><\/p>\n","protected":false},"excerpt":{"rendered":"<p>Wakacje ju\u017c bardzo blisko. Je\u015bli jeszcze nie masz pomys\u0142u, jak zagospodarowa\u0107 swojemu dziecku czas w tym okresie \u2013 spieszymy z pomoc\u0105. Nasza fundacja organizuje w nadchodz\u0105ce wakacje&nbsp;P\u00d3\u0141KOLONIE ROLKOWE DLA DZIECI&nbsp;. Codziennie w godzinach&nbsp;8.00 \u2013 16.45&nbsp;zajmiemy si\u0119 Twoj\u0105 pociech\u0105. Gwarantujemy aktywne zaj\u0119cia z du\u017c\u0105 porcj\u0105 gier i zabaw \ud83d\ude42 Zaj\u0119cia obejmuj\u0105 nauk\u0119 podstaw jazdy na rolkach, [&hellip;]<\/p>\n","protected":false},"author":2,"featured_media":2604,"parent":52,"menu_order":0,"comment_status":"closed","ping_status":"closed","template":"page-full-width-image-wyjazd.php","meta":{"_acf_changed":false,"footnotes":""},"class_list":["post-1039","page","type-page","status-publish","has-post-thumbnail","hentry"],"acf":[],"_links":{"self":[{"href":"https:\/\/www.obozrolkowy.pl\/index.php\/wp-json\/wp\/v2\/pages\/1039","targetHints":{"allow":["GET"]}}],"collection":[{"href":"https:\/\/www.obozrolkowy.pl\/index.php\/wp-json\/wp\/v2\/pages"}],"about":[{"href":"https:\/\/www.obozrolkowy.pl\/index.php\/wp-json\/wp\/v2\/types\/page"}],"author":[{"embeddable":true,"href":"https:\/\/www.obozrolkowy.pl\/index.php\/wp-json\/wp\/v2\/users\/2"}],"replies":[{"embeddable":true,"href":"https:\/\/www.obozrolkowy.pl\/index.php\/wp-json\/wp\/v2\/comments?post=1039"}],"version-history":[{"count":93,"href":"https:\/\/www.obozrolkowy.pl\/index.php\/wp-json\/wp\/v2\/pages\/1039\/revisions"}],"predecessor-version":[{"id":2719,"href":"https:\/\/www.obozrolkowy.pl\/index.php\/wp-json\/wp\/v2\/pages\/1039\/revisions\/2719"}],"up":[{"embeddable":true,"href":"https:\/\/www.obozrolkowy.pl\/index.php\/wp-json\/wp\/v2\/pages\/52"}],"wp:featuredmedia":[{"embeddable":true,"href":"https:\/\/www.obozrolkowy.pl\/index.php\/wp-json\/wp\/v2\/media\/2604"}],"wp:attachment":[{"href":"https:\/\/www.obozrolkowy.pl\/index.php\/wp-json\/wp\/v2\/media?parent=1039"}],"curies":[{"name":"wp","href":"https:\/\/api.w.org\/{rel}","templated":true}]}}