{"id":13,"date":"2020-10-28T12:21:58","date_gmt":"2020-10-28T12:21:58","guid":{"rendered":"http:\/\/www.obozrolkowy.pl\/?page_id=13"},"modified":"2026-02-13T09:38:15","modified_gmt":"2026-02-13T09:38:15","slug":"wyjazdy-rodzinne","status":"publish","type":"page","link":"https:\/\/www.obozrolkowy.pl\/index.php\/wyjazdy-rodzinne\/","title":{"rendered":"Wyjazdy rodzinne"},"content":{"rendered":"<div id=\"fb-root\"><\/div>\n\n<div style=\"height:60px\" aria-hidden=\"true\" class=\"wp-block-spacer\"><\/div>\n\n\n\n<p>Wyjazdy szkoleniowe dla doros\u0142ych oraz rodzin z dzie\u0107mi.<\/p>\n\n\n\n<p>Organizujemy od wielu lat rodzinne wyjazdy \u2013 Rolkow\u0105 Maj\u00f3wk\u0119 oraz Family Campy, gdzie \u0142\u0105czymy wakacyjny wyjazd rodzinny z intensywnym kursem jazdy na rolkach.<\/p>\n\n\n\n<div style=\"height:60px\" aria-hidden=\"true\" class=\"wp-block-spacer\"><\/div>\n\n\n\n<h4 class=\"wp-block-heading\">Wi\u0119cej informacji oraz szczeg\u00f3\u0142y dotycz\u0105ce zapis\u00f3w:<\/h4>\n\n\n\n<p><\/p>\n\n\n\n<p>[bs-list type=&#8221;page&#8221; post_parent=&#8221;13&#8243; order=&#8221;DESC&#8221; orderby=&#8221;date&#8221;]<\/p>\n\n\n\n<div style=\"height:60px\" aria-hidden=\"true\" class=\"wp-block-spacer\"><\/div>\n\n\n\n<hr class=\"wp-block-separator has-css-opacity\"\/>\n\n\n\n<p>Przyk\u0142adowe zdj\u0119cia z naszych wyjazd\u00f3w rodzinnych: <\/p>\n\n\n\n<figure class=\"wp-block-gallery has-nested-images columns-6 is-cropped wp-block-gallery-1 is-layout-flex wp-block-gallery-is-layout-flex\">\n<figure class=\"wp-block-image size-large\"><a href=\"https:\/\/www.obozrolkowy.pl\/wp-content\/uploads\/2025\/12\/20250619-047-IMG_9086-HQ-scaled.jpg\"><img loading=\"lazy\" decoding=\"async\" width=\"1024\" height=\"683\" data-id=\"2532\" src=\"https:\/\/www.obozrolkowy.pl\/wp-content\/uploads\/2025\/12\/20250619-047-IMG_9086-HQ-1024x683.jpg\" alt=\"\" class=\"wp-image-2532\" srcset=\"https:\/\/www.obozrolkowy.pl\/wp-content\/uploads\/2025\/12\/20250619-047-IMG_9086-HQ-1024x683.jpg 1024w, https:\/\/www.obozrolkowy.pl\/wp-content\/uploads\/2025\/12\/20250619-047-IMG_9086-HQ-300x200.jpg 300w, https:\/\/www.obozrolkowy.pl\/wp-content\/uploads\/2025\/12\/20250619-047-IMG_9086-HQ-768x512.jpg 768w, https:\/\/www.obozrolkowy.pl\/wp-content\/uploads\/2025\/12\/20250619-047-IMG_9086-HQ-1536x1024.jpg 1536w, https:\/\/www.obozrolkowy.pl\/wp-content\/uploads\/2025\/12\/20250619-047-IMG_9086-HQ-2048x1365.jpg 2048w\" sizes=\"auto, (max-width: 1024px) 100vw, 1024px\" \/><\/a><\/figure>\n\n\n\n<figure class=\"wp-block-image size-large\"><a href=\"https:\/\/www.obozrolkowy.pl\/wp-content\/uploads\/2026\/02\/20250620-131-IMG_1054-HQ-scaled.jpg\"><img loading=\"lazy\" decoding=\"async\" width=\"1024\" height=\"683\" data-id=\"2621\" src=\"https:\/\/www.obozrolkowy.pl\/wp-content\/uploads\/2026\/02\/20250620-131-IMG_1054-HQ-1024x683.jpg\" alt=\"\" class=\"wp-image-2621\" srcset=\"https:\/\/www.obozrolkowy.pl\/wp-content\/uploads\/2026\/02\/20250620-131-IMG_1054-HQ-1024x683.jpg 1024w, https:\/\/www.obozrolkowy.pl\/wp-content\/uploads\/2026\/02\/20250620-131-IMG_1054-HQ-300x200.jpg 300w, https:\/\/www.obozrolkowy.pl\/wp-content\/uploads\/2026\/02\/20250620-131-IMG_1054-HQ-768x512.jpg 768w, https:\/\/www.obozrolkowy.pl\/wp-content\/uploads\/2026\/02\/20250620-131-IMG_1054-HQ-1536x1024.jpg 1536w, https:\/\/www.obozrolkowy.pl\/wp-content\/uploads\/2026\/02\/20250620-131-IMG_1054-HQ-2048x1365.jpg 2048w\" sizes=\"auto, (max-width: 1024px) 100vw, 1024px\" \/><\/a><\/figure>\n\n\n\n<figure class=\"wp-block-image size-large\"><a href=\"https:\/\/www.obozrolkowy.pl\/wp-content\/uploads\/2025\/12\/20250904-021-IMG_7340-net.jpg\"><img loading=\"lazy\" decoding=\"async\" width=\"1024\" height=\"683\" data-id=\"2543\" src=\"https:\/\/www.obozrolkowy.pl\/wp-content\/uploads\/2025\/12\/20250904-021-IMG_7340-net-1024x683.jpg\" alt=\"\" class=\"wp-image-2543\" srcset=\"https:\/\/www.obozrolkowy.pl\/wp-content\/uploads\/2025\/12\/20250904-021-IMG_7340-net-1024x683.jpg 1024w, https:\/\/www.obozrolkowy.pl\/wp-content\/uploads\/2025\/12\/20250904-021-IMG_7340-net-300x200.jpg 300w, https:\/\/www.obozrolkowy.pl\/wp-content\/uploads\/2025\/12\/20250904-021-IMG_7340-net-768x512.jpg 768w, https:\/\/www.obozrolkowy.pl\/wp-content\/uploads\/2025\/12\/20250904-021-IMG_7340-net.jpg 1200w\" sizes=\"auto, (max-width: 1024px) 100vw, 1024px\" \/><\/a><\/figure>\n\n\n\n<figure class=\"wp-block-image size-large\"><a href=\"https:\/\/www.obozrolkowy.pl\/wp-content\/uploads\/2026\/02\/20250620-074-IMG_0835-net.jpg\"><img loading=\"lazy\" decoding=\"async\" width=\"1024\" height=\"683\" data-id=\"2698\" src=\"https:\/\/www.obozrolkowy.pl\/wp-content\/uploads\/2026\/02\/20250620-074-IMG_0835-net-1024x683.jpg\" alt=\"\" class=\"wp-image-2698\" srcset=\"https:\/\/www.obozrolkowy.pl\/wp-content\/uploads\/2026\/02\/20250620-074-IMG_0835-net-1024x683.jpg 1024w, https:\/\/www.obozrolkowy.pl\/wp-content\/uploads\/2026\/02\/20250620-074-IMG_0835-net-300x200.jpg 300w, https:\/\/www.obozrolkowy.pl\/wp-content\/uploads\/2026\/02\/20250620-074-IMG_0835-net-768x512.jpg 768w, https:\/\/www.obozrolkowy.pl\/wp-content\/uploads\/2026\/02\/20250620-074-IMG_0835-net.jpg 1200w\" sizes=\"auto, (max-width: 1024px) 100vw, 1024px\" \/><\/a><\/figure>\n\n\n\n<figure class=\"wp-block-image size-large\"><a href=\"https:\/\/www.obozrolkowy.pl\/wp-content\/uploads\/2025\/12\/20250906-133-IMG_9413-net.jpg\"><img loading=\"lazy\" decoding=\"async\" width=\"1024\" height=\"683\" data-id=\"2551\" src=\"https:\/\/www.obozrolkowy.pl\/wp-content\/uploads\/2025\/12\/20250906-133-IMG_9413-net-1024x683.jpg\" alt=\"\" class=\"wp-image-2551\" srcset=\"https:\/\/www.obozrolkowy.pl\/wp-content\/uploads\/2025\/12\/20250906-133-IMG_9413-net-1024x683.jpg 1024w, https:\/\/www.obozrolkowy.pl\/wp-content\/uploads\/2025\/12\/20250906-133-IMG_9413-net-300x200.jpg 300w, https:\/\/www.obozrolkowy.pl\/wp-content\/uploads\/2025\/12\/20250906-133-IMG_9413-net-768x512.jpg 768w, https:\/\/www.obozrolkowy.pl\/wp-content\/uploads\/2025\/12\/20250906-133-IMG_9413-net.jpg 1200w\" sizes=\"auto, (max-width: 1024px) 100vw, 1024px\" \/><\/a><\/figure>\n\n\n\n<figure class=\"wp-block-image size-large\"><a href=\"https:\/\/www.obozrolkowy.pl\/wp-content\/uploads\/2024\/01\/20230501-007-IMG_0861-net.jpg\"><img loading=\"lazy\" decoding=\"async\" width=\"1024\" height=\"683\" data-id=\"1845\" src=\"https:\/\/www.obozrolkowy.pl\/wp-content\/uploads\/2024\/01\/20230501-007-IMG_0861-net-1024x683.jpg\" alt=\"\" class=\"wp-image-1845\" srcset=\"https:\/\/www.obozrolkowy.pl\/wp-content\/uploads\/2024\/01\/20230501-007-IMG_0861-net-1024x683.jpg 1024w, https:\/\/www.obozrolkowy.pl\/wp-content\/uploads\/2024\/01\/20230501-007-IMG_0861-net-300x200.jpg 300w, https:\/\/www.obozrolkowy.pl\/wp-content\/uploads\/2024\/01\/20230501-007-IMG_0861-net-768x512.jpg 768w, https:\/\/www.obozrolkowy.pl\/wp-content\/uploads\/2024\/01\/20230501-007-IMG_0861-net.jpg 1200w\" sizes=\"auto, (max-width: 1024px) 100vw, 1024px\" \/><\/a><\/figure>\n\n\n\n<figure class=\"wp-block-image size-large\"><a href=\"https:\/\/www.obozrolkowy.pl\/wp-content\/uploads\/2026\/02\/20250620-053-IMG_0697-net.jpg\"><img loading=\"lazy\" decoding=\"async\" width=\"683\" height=\"1024\" data-id=\"2702\" src=\"https:\/\/www.obozrolkowy.pl\/wp-content\/uploads\/2026\/02\/20250620-053-IMG_0697-net-683x1024.jpg\" alt=\"\" class=\"wp-image-2702\" srcset=\"https:\/\/www.obozrolkowy.pl\/wp-content\/uploads\/2026\/02\/20250620-053-IMG_0697-net-683x1024.jpg 683w, https:\/\/www.obozrolkowy.pl\/wp-content\/uploads\/2026\/02\/20250620-053-IMG_0697-net-200x300.jpg 200w, https:\/\/www.obozrolkowy.pl\/wp-content\/uploads\/2026\/02\/20250620-053-IMG_0697-net-768x1152.jpg 768w, https:\/\/www.obozrolkowy.pl\/wp-content\/uploads\/2026\/02\/20250620-053-IMG_0697-net.jpg 800w\" sizes=\"auto, (max-width: 683px) 100vw, 683px\" \/><\/a><\/figure>\n\n\n\n<figure class=\"wp-block-image size-large\"><a href=\"https:\/\/www.obozrolkowy.pl\/wp-content\/uploads\/2026\/02\/20250620-122-IMG_1022-net.jpg\"><img loading=\"lazy\" decoding=\"async\" width=\"683\" height=\"1024\" data-id=\"2703\" src=\"https:\/\/www.obozrolkowy.pl\/wp-content\/uploads\/2026\/02\/20250620-122-IMG_1022-net-683x1024.jpg\" alt=\"\" class=\"wp-image-2703\" srcset=\"https:\/\/www.obozrolkowy.pl\/wp-content\/uploads\/2026\/02\/20250620-122-IMG_1022-net-683x1024.jpg 683w, https:\/\/www.obozrolkowy.pl\/wp-content\/uploads\/2026\/02\/20250620-122-IMG_1022-net-200x300.jpg 200w, https:\/\/www.obozrolkowy.pl\/wp-content\/uploads\/2026\/02\/20250620-122-IMG_1022-net-768x1152.jpg 768w, https:\/\/www.obozrolkowy.pl\/wp-content\/uploads\/2026\/02\/20250620-122-IMG_1022-net.jpg 800w\" sizes=\"auto, (max-width: 683px) 100vw, 683px\" \/><\/a><\/figure>\n\n\n\n<figure class=\"wp-block-image size-large\"><a href=\"https:\/\/www.obozrolkowy.pl\/wp-content\/uploads\/2026\/02\/20250620-068-IMG_0765-net.jpg\"><img loading=\"lazy\" decoding=\"async\" width=\"683\" height=\"1024\" data-id=\"2704\" src=\"https:\/\/www.obozrolkowy.pl\/wp-content\/uploads\/2026\/02\/20250620-068-IMG_0765-net-683x1024.jpg\" alt=\"\" class=\"wp-image-2704\" srcset=\"https:\/\/www.obozrolkowy.pl\/wp-content\/uploads\/2026\/02\/20250620-068-IMG_0765-net-683x1024.jpg 683w, https:\/\/www.obozrolkowy.pl\/wp-content\/uploads\/2026\/02\/20250620-068-IMG_0765-net-200x300.jpg 200w, https:\/\/www.obozrolkowy.pl\/wp-content\/uploads\/2026\/02\/20250620-068-IMG_0765-net-768x1152.jpg 768w, https:\/\/www.obozrolkowy.pl\/wp-content\/uploads\/2026\/02\/20250620-068-IMG_0765-net.jpg 800w\" sizes=\"auto, (max-width: 683px) 100vw, 683px\" \/><\/a><\/figure>\n\n\n\n<figure class=\"wp-block-image size-large\"><a href=\"https:\/\/www.obozrolkowy.pl\/wp-content\/uploads\/2026\/02\/20250622-189-IMG_3300-net.jpg\"><img loading=\"lazy\" decoding=\"async\" width=\"683\" height=\"1024\" data-id=\"2705\" src=\"https:\/\/www.obozrolkowy.pl\/wp-content\/uploads\/2026\/02\/20250622-189-IMG_3300-net-683x1024.jpg\" alt=\"\" class=\"wp-image-2705\" srcset=\"https:\/\/www.obozrolkowy.pl\/wp-content\/uploads\/2026\/02\/20250622-189-IMG_3300-net-683x1024.jpg 683w, https:\/\/www.obozrolkowy.pl\/wp-content\/uploads\/2026\/02\/20250622-189-IMG_3300-net-200x300.jpg 200w, https:\/\/www.obozrolkowy.pl\/wp-content\/uploads\/2026\/02\/20250622-189-IMG_3300-net-768x1152.jpg 768w, https:\/\/www.obozrolkowy.pl\/wp-content\/uploads\/2026\/02\/20250622-189-IMG_3300-net.jpg 800w\" sizes=\"auto, (max-width: 683px) 100vw, 683px\" \/><\/a><\/figure>\n\n\n\n<figure class=\"wp-block-image size-large\"><a href=\"https:\/\/www.obozrolkowy.pl\/wp-content\/uploads\/2025\/12\/20250905-032-IMG_8622-net.jpg\"><img loading=\"lazy\" decoding=\"async\" width=\"1024\" height=\"683\" data-id=\"2556\" src=\"https:\/\/www.obozrolkowy.pl\/wp-content\/uploads\/2025\/12\/20250905-032-IMG_8622-net-1024x683.jpg\" alt=\"\" class=\"wp-image-2556\" srcset=\"https:\/\/www.obozrolkowy.pl\/wp-content\/uploads\/2025\/12\/20250905-032-IMG_8622-net-1024x683.jpg 1024w, https:\/\/www.obozrolkowy.pl\/wp-content\/uploads\/2025\/12\/20250905-032-IMG_8622-net-300x200.jpg 300w, https:\/\/www.obozrolkowy.pl\/wp-content\/uploads\/2025\/12\/20250905-032-IMG_8622-net-768x512.jpg 768w, https:\/\/www.obozrolkowy.pl\/wp-content\/uploads\/2025\/12\/20250905-032-IMG_8622-net.jpg 1200w\" sizes=\"auto, (max-width: 1024px) 100vw, 1024px\" \/><\/a><\/figure>\n\n\n\n<figure class=\"wp-block-image size-large\"><a href=\"https:\/\/www.obozrolkowy.pl\/wp-content\/uploads\/2026\/02\/20250621-068-IMG_0377-net.jpg\"><img loading=\"lazy\" decoding=\"async\" width=\"1024\" height=\"683\" data-id=\"2706\" src=\"https:\/\/www.obozrolkowy.pl\/wp-content\/uploads\/2026\/02\/20250621-068-IMG_0377-net-1024x683.jpg\" alt=\"\" class=\"wp-image-2706\" srcset=\"https:\/\/www.obozrolkowy.pl\/wp-content\/uploads\/2026\/02\/20250621-068-IMG_0377-net-1024x683.jpg 1024w, https:\/\/www.obozrolkowy.pl\/wp-content\/uploads\/2026\/02\/20250621-068-IMG_0377-net-300x200.jpg 300w, https:\/\/www.obozrolkowy.pl\/wp-content\/uploads\/2026\/02\/20250621-068-IMG_0377-net-768x512.jpg 768w, https:\/\/www.obozrolkowy.pl\/wp-content\/uploads\/2026\/02\/20250621-068-IMG_0377-net.jpg 1200w\" sizes=\"auto, (max-width: 1024px) 100vw, 1024px\" \/><\/a><\/figure>\n\n\n\n<figure class=\"wp-block-image size-large\"><a href=\"https:\/\/www.obozrolkowy.pl\/wp-content\/uploads\/2026\/02\/20250906-015-IMG_8989-net.jpg\"><img loading=\"lazy\" decoding=\"async\" width=\"1024\" height=\"683\" data-id=\"2707\" src=\"https:\/\/www.obozrolkowy.pl\/wp-content\/uploads\/2026\/02\/20250906-015-IMG_8989-net-1024x683.jpg\" alt=\"\" class=\"wp-image-2707\" srcset=\"https:\/\/www.obozrolkowy.pl\/wp-content\/uploads\/2026\/02\/20250906-015-IMG_8989-net-1024x683.jpg 1024w, https:\/\/www.obozrolkowy.pl\/wp-content\/uploads\/2026\/02\/20250906-015-IMG_8989-net-300x200.jpg 300w, https:\/\/www.obozrolkowy.pl\/wp-content\/uploads\/2026\/02\/20250906-015-IMG_8989-net-768x512.jpg 768w, https:\/\/www.obozrolkowy.pl\/wp-content\/uploads\/2026\/02\/20250906-015-IMG_8989-net.jpg 1200w\" sizes=\"auto, (max-width: 1024px) 100vw, 1024px\" \/><\/a><\/figure>\n\n\n\n<figure class=\"wp-block-image size-large\"><a href=\"https:\/\/www.obozrolkowy.pl\/wp-content\/uploads\/2026\/02\/20250906-048-IMG_9148-net.jpg\"><img loading=\"lazy\" decoding=\"async\" width=\"1024\" height=\"683\" data-id=\"2708\" src=\"https:\/\/www.obozrolkowy.pl\/wp-content\/uploads\/2026\/02\/20250906-048-IMG_9148-net-1024x683.jpg\" alt=\"\" class=\"wp-image-2708\" srcset=\"https:\/\/www.obozrolkowy.pl\/wp-content\/uploads\/2026\/02\/20250906-048-IMG_9148-net-1024x683.jpg 1024w, https:\/\/www.obozrolkowy.pl\/wp-content\/uploads\/2026\/02\/20250906-048-IMG_9148-net-300x200.jpg 300w, https:\/\/www.obozrolkowy.pl\/wp-content\/uploads\/2026\/02\/20250906-048-IMG_9148-net-768x512.jpg 768w, https:\/\/www.obozrolkowy.pl\/wp-content\/uploads\/2026\/02\/20250906-048-IMG_9148-net.jpg 1200w\" sizes=\"auto, (max-width: 1024px) 100vw, 1024px\" \/><\/a><\/figure>\n\n\n\n<figure class=\"wp-block-image size-large\"><a href=\"https:\/\/www.obozrolkowy.pl\/wp-content\/uploads\/2026\/02\/20250906-116-IMG_9367-net.jpg\"><img loading=\"lazy\" decoding=\"async\" width=\"1024\" height=\"683\" data-id=\"2709\" src=\"https:\/\/www.obozrolkowy.pl\/wp-content\/uploads\/2026\/02\/20250906-116-IMG_9367-net-1024x683.jpg\" alt=\"\" class=\"wp-image-2709\" srcset=\"https:\/\/www.obozrolkowy.pl\/wp-content\/uploads\/2026\/02\/20250906-116-IMG_9367-net-1024x683.jpg 1024w, https:\/\/www.obozrolkowy.pl\/wp-content\/uploads\/2026\/02\/20250906-116-IMG_9367-net-300x200.jpg 300w, https:\/\/www.obozrolkowy.pl\/wp-content\/uploads\/2026\/02\/20250906-116-IMG_9367-net-768x512.jpg 768w, https:\/\/www.obozrolkowy.pl\/wp-content\/uploads\/2026\/02\/20250906-116-IMG_9367-net.jpg 1200w\" sizes=\"auto, (max-width: 1024px) 100vw, 1024px\" \/><\/a><\/figure>\n\n\n\n<figure class=\"wp-block-image size-large\"><a href=\"https:\/\/www.obozrolkowy.pl\/wp-content\/uploads\/2026\/02\/20250906-440-IMG_0444-net.jpg\"><img loading=\"lazy\" decoding=\"async\" width=\"1024\" height=\"683\" data-id=\"2710\" src=\"https:\/\/www.obozrolkowy.pl\/wp-content\/uploads\/2026\/02\/20250906-440-IMG_0444-net-1024x683.jpg\" alt=\"\" class=\"wp-image-2710\" srcset=\"https:\/\/www.obozrolkowy.pl\/wp-content\/uploads\/2026\/02\/20250906-440-IMG_0444-net-1024x683.jpg 1024w, https:\/\/www.obozrolkowy.pl\/wp-content\/uploads\/2026\/02\/20250906-440-IMG_0444-net-300x200.jpg 300w, https:\/\/www.obozrolkowy.pl\/wp-content\/uploads\/2026\/02\/20250906-440-IMG_0444-net-768x512.jpg 768w, https:\/\/www.obozrolkowy.pl\/wp-content\/uploads\/2026\/02\/20250906-440-IMG_0444-net.jpg 1200w\" sizes=\"auto, (max-width: 1024px) 100vw, 1024px\" \/><\/a><\/figure>\n<\/figure>\n","protected":false},"excerpt":{"rendered":"<p>Wyjazdy szkoleniowe dla doros\u0142ych oraz rodzin z dzie\u0107mi. Organizujemy od wielu lat rodzinne wyjazdy \u2013 Rolkow\u0105 Maj\u00f3wk\u0119 oraz Family Campy, gdzie \u0142\u0105czymy wakacyjny wyjazd rodzinny z intensywnym kursem jazdy na rolkach. Wi\u0119cej informacji oraz szczeg\u00f3\u0142y dotycz\u0105ce zapis\u00f3w: [bs-list type=&#8221;page&#8221; post_parent=&#8221;13&#8243; order=&#8221;DESC&#8221; orderby=&#8221;date&#8221;] Przyk\u0142adowe zdj\u0119cia z naszych wyjazd\u00f3w rodzinnych:<\/p>\n","protected":false},"author":1,"featured_media":0,"parent":0,"menu_order":0,"comment_status":"closed","ping_status":"closed","template":"page-sidebar-none.php","meta":{"_acf_changed":false,"footnotes":""},"class_list":["post-13","page","type-page","status-publish","hentry"],"acf":[],"_links":{"self":[{"href":"https:\/\/www.obozrolkowy.pl\/index.php\/wp-json\/wp\/v2\/pages\/13","targetHints":{"allow":["GET"]}}],"collection":[{"href":"https:\/\/www.obozrolkowy.pl\/index.php\/wp-json\/wp\/v2\/pages"}],"about":[{"href":"https:\/\/www.obozrolkowy.pl\/index.php\/wp-json\/wp\/v2\/types\/page"}],"author":[{"embeddable":true,"href":"https:\/\/www.obozrolkowy.pl\/index.php\/wp-json\/wp\/v2\/users\/1"}],"replies":[{"embeddable":true,"href":"https:\/\/www.obozrolkowy.pl\/index.php\/wp-json\/wp\/v2\/comments?post=13"}],"version-history":[{"count":12,"href":"https:\/\/www.obozrolkowy.pl\/index.php\/wp-json\/wp\/v2\/pages\/13\/revisions"}],"predecessor-version":[{"id":2711,"href":"https:\/\/www.obozrolkowy.pl\/index.php\/wp-json\/wp\/v2\/pages\/13\/revisions\/2711"}],"wp:attachment":[{"href":"https:\/\/www.obozrolkowy.pl\/index.php\/wp-json\/wp\/v2\/media?parent=13"}],"curies":[{"name":"wp","href":"https:\/\/api.w.org\/{rel}","templated":true}]}}