{"id":16,"date":"2020-10-28T12:22:56","date_gmt":"2020-10-28T12:22:56","guid":{"rendered":"http:\/\/www.obozrolkowy.pl\/?page_id=16"},"modified":"2026-02-13T09:20:47","modified_gmt":"2026-02-13T09:20:47","slug":"letnie-obozy-dla-dzieci","status":"publish","type":"page","link":"https:\/\/www.obozrolkowy.pl\/index.php\/letnie-obozy-dla-dzieci\/","title":{"rendered":"Letnie obozy dla dzieci"},"content":{"rendered":"<div id=\"fb-root\"><\/div>\n\n<div style=\"height:60px\" aria-hidden=\"true\" class=\"wp-block-spacer\"><\/div>\n\n\n\n<p>Oferta oboz\u00f3w rolkowych Lato 2026 pojawi si\u0119 ju\u017c w grudniu!<\/p>\n\n\n<div class=\"wp-block-image\">\n<figure class=\"aligncenter size-full is-resized\"><img loading=\"lazy\" decoding=\"async\" width=\"633\" height=\"571\" src=\"https:\/\/www.obozrolkowy.pl\/wp-content\/uploads\/2021\/12\/logo-oboz-rolkowy-rollschool-kolo.png\" alt=\"\" class=\"wp-image-609\" style=\"width:367px;height:331px\" srcset=\"https:\/\/www.obozrolkowy.pl\/wp-content\/uploads\/2021\/12\/logo-oboz-rolkowy-rollschool-kolo.png 633w, https:\/\/www.obozrolkowy.pl\/wp-content\/uploads\/2021\/12\/logo-oboz-rolkowy-rollschool-kolo-300x271.png 300w\" sizes=\"auto, (max-width: 633px) 100vw, 633px\" \/><\/figure>\n<\/div>\n\n\n<p><\/p>\n\n\n\n<p>Wi\u0119cej informacji ju\u017c wkr\u00f3tce<\/p>\n\n\n\n<div style=\"height:60px\" aria-hidden=\"true\" class=\"wp-block-spacer\"><\/div>\n\n\n\n<h4 class=\"wp-block-heading\">Wi\u0119cej informacji oraz szczeg\u00f3\u0142y dotycz\u0105ce zapis\u00f3w:<\/h4>\n\n\n\n<p><\/p>\n\n\n\n<p>[bs-list type=&#8221;page&#8221; post_parent=&#8221;16&#8243; order=&#8221;DESC&#8221; orderby=&#8221;date&#8221;]<\/p>\n\n\n\n<p><\/p>\n\n\n\n<div style=\"height:60px\" aria-hidden=\"true\" class=\"wp-block-spacer\"><\/div>\n\n\n\n<hr class=\"wp-block-separator has-css-opacity\"\/>\n\n\n\n<p>Przyk\u0142adowe zdj\u0119cia z naszych oboz\u00f3w letnich:<\/p>\n\n\n\n<figure class=\"wp-block-gallery has-nested-images columns-7 is-cropped wp-block-gallery-1 is-layout-flex wp-block-gallery-is-layout-flex\">\n<figure class=\"wp-block-image size-large\"><a href=\"https:\/\/www.obozrolkowy.pl\/wp-content\/uploads\/2026\/02\/20250621-017-IMG_0224-net.jpg\"><img loading=\"lazy\" decoding=\"async\" width=\"1024\" height=\"683\" data-id=\"2690\" src=\"https:\/\/www.obozrolkowy.pl\/wp-content\/uploads\/2026\/02\/20250621-017-IMG_0224-net-1024x683.jpg\" alt=\"\" class=\"wp-image-2690\" srcset=\"https:\/\/www.obozrolkowy.pl\/wp-content\/uploads\/2026\/02\/20250621-017-IMG_0224-net-1024x683.jpg 1024w, https:\/\/www.obozrolkowy.pl\/wp-content\/uploads\/2026\/02\/20250621-017-IMG_0224-net-300x200.jpg 300w, https:\/\/www.obozrolkowy.pl\/wp-content\/uploads\/2026\/02\/20250621-017-IMG_0224-net-768x512.jpg 768w, https:\/\/www.obozrolkowy.pl\/wp-content\/uploads\/2026\/02\/20250621-017-IMG_0224-net.jpg 1200w\" sizes=\"auto, (max-width: 1024px) 100vw, 1024px\" \/><\/a><\/figure>\n\n\n\n<figure class=\"wp-block-image size-large\"><a href=\"https:\/\/www.obozrolkowy.pl\/wp-content\/uploads\/2026\/02\/IMG-20240724-WA0153-scaled.jpg\"><img loading=\"lazy\" decoding=\"async\" width=\"1024\" height=\"576\" data-id=\"2639\" src=\"https:\/\/www.obozrolkowy.pl\/wp-content\/uploads\/2026\/02\/IMG-20240724-WA0153-1024x576.jpg\" alt=\"\" class=\"wp-image-2639\" srcset=\"https:\/\/www.obozrolkowy.pl\/wp-content\/uploads\/2026\/02\/IMG-20240724-WA0153-1024x576.jpg 1024w, https:\/\/www.obozrolkowy.pl\/wp-content\/uploads\/2026\/02\/IMG-20240724-WA0153-300x169.jpg 300w, https:\/\/www.obozrolkowy.pl\/wp-content\/uploads\/2026\/02\/IMG-20240724-WA0153-768x432.jpg 768w, https:\/\/www.obozrolkowy.pl\/wp-content\/uploads\/2026\/02\/IMG-20240724-WA0153-1536x864.jpg 1536w, https:\/\/www.obozrolkowy.pl\/wp-content\/uploads\/2026\/02\/IMG-20240724-WA0153-2048x1152.jpg 2048w\" sizes=\"auto, (max-width: 1024px) 100vw, 1024px\" \/><\/a><\/figure>\n\n\n\n<figure class=\"wp-block-image size-large\"><a href=\"https:\/\/www.obozrolkowy.pl\/wp-content\/uploads\/2025\/12\/516741660_1230824825722102_3492462895762586941_n.jpg\"><img loading=\"lazy\" decoding=\"async\" width=\"1024\" height=\"768\" data-id=\"2558\" src=\"https:\/\/www.obozrolkowy.pl\/wp-content\/uploads\/2025\/12\/516741660_1230824825722102_3492462895762586941_n-1024x768.jpg\" alt=\"\" class=\"wp-image-2558\" srcset=\"https:\/\/www.obozrolkowy.pl\/wp-content\/uploads\/2025\/12\/516741660_1230824825722102_3492462895762586941_n-1024x768.jpg 1024w, https:\/\/www.obozrolkowy.pl\/wp-content\/uploads\/2025\/12\/516741660_1230824825722102_3492462895762586941_n-300x225.jpg 300w, https:\/\/www.obozrolkowy.pl\/wp-content\/uploads\/2025\/12\/516741660_1230824825722102_3492462895762586941_n-768x576.jpg 768w, https:\/\/www.obozrolkowy.pl\/wp-content\/uploads\/2025\/12\/516741660_1230824825722102_3492462895762586941_n-1536x1152.jpg 1536w, https:\/\/www.obozrolkowy.pl\/wp-content\/uploads\/2025\/12\/516741660_1230824825722102_3492462895762586941_n.jpg 2048w\" sizes=\"auto, (max-width: 1024px) 100vw, 1024px\" \/><\/a><\/figure>\n\n\n\n<figure class=\"wp-block-image size-large\"><a href=\"https:\/\/www.obozrolkowy.pl\/wp-content\/uploads\/2026\/02\/IMG-20240726-WA0042.jpg\"><img loading=\"lazy\" decoding=\"async\" width=\"1024\" height=\"461\" data-id=\"2695\" src=\"https:\/\/www.obozrolkowy.pl\/wp-content\/uploads\/2026\/02\/IMG-20240726-WA0042-1024x461.jpg\" alt=\"\" class=\"wp-image-2695\" srcset=\"https:\/\/www.obozrolkowy.pl\/wp-content\/uploads\/2026\/02\/IMG-20240726-WA0042-1024x461.jpg 1024w, https:\/\/www.obozrolkowy.pl\/wp-content\/uploads\/2026\/02\/IMG-20240726-WA0042-300x135.jpg 300w, https:\/\/www.obozrolkowy.pl\/wp-content\/uploads\/2026\/02\/IMG-20240726-WA0042-768x346.jpg 768w, https:\/\/www.obozrolkowy.pl\/wp-content\/uploads\/2026\/02\/IMG-20240726-WA0042-1536x691.jpg 1536w, https:\/\/www.obozrolkowy.pl\/wp-content\/uploads\/2026\/02\/IMG-20240726-WA0042.jpg 1600w\" sizes=\"auto, (max-width: 1024px) 100vw, 1024px\" \/><\/a><\/figure>\n\n\n\n<figure class=\"wp-block-image size-large\"><a href=\"https:\/\/www.obozrolkowy.pl\/wp-content\/uploads\/2026\/02\/IMG-20240724-WA0147-scaled.jpg\"><img loading=\"lazy\" decoding=\"async\" width=\"1024\" height=\"576\" data-id=\"2696\" src=\"https:\/\/www.obozrolkowy.pl\/wp-content\/uploads\/2026\/02\/IMG-20240724-WA0147-1024x576.jpg\" alt=\"\" class=\"wp-image-2696\" srcset=\"https:\/\/www.obozrolkowy.pl\/wp-content\/uploads\/2026\/02\/IMG-20240724-WA0147-1024x576.jpg 1024w, https:\/\/www.obozrolkowy.pl\/wp-content\/uploads\/2026\/02\/IMG-20240724-WA0147-300x169.jpg 300w, https:\/\/www.obozrolkowy.pl\/wp-content\/uploads\/2026\/02\/IMG-20240724-WA0147-768x432.jpg 768w, https:\/\/www.obozrolkowy.pl\/wp-content\/uploads\/2026\/02\/IMG-20240724-WA0147-1536x864.jpg 1536w, https:\/\/www.obozrolkowy.pl\/wp-content\/uploads\/2026\/02\/IMG-20240724-WA0147-2048x1152.jpg 2048w\" sizes=\"auto, (max-width: 1024px) 100vw, 1024px\" \/><\/a><\/figure>\n\n\n\n<figure class=\"wp-block-image size-large\"><a href=\"https:\/\/www.obozrolkowy.pl\/wp-content\/uploads\/2026\/02\/20250620-074-IMG_0835-net.jpg\"><img loading=\"lazy\" decoding=\"async\" width=\"1024\" height=\"683\" data-id=\"2698\" src=\"https:\/\/www.obozrolkowy.pl\/wp-content\/uploads\/2026\/02\/20250620-074-IMG_0835-net-1024x683.jpg\" alt=\"\" class=\"wp-image-2698\" srcset=\"https:\/\/www.obozrolkowy.pl\/wp-content\/uploads\/2026\/02\/20250620-074-IMG_0835-net-1024x683.jpg 1024w, https:\/\/www.obozrolkowy.pl\/wp-content\/uploads\/2026\/02\/20250620-074-IMG_0835-net-300x200.jpg 300w, https:\/\/www.obozrolkowy.pl\/wp-content\/uploads\/2026\/02\/20250620-074-IMG_0835-net-768x512.jpg 768w, https:\/\/www.obozrolkowy.pl\/wp-content\/uploads\/2026\/02\/20250620-074-IMG_0835-net.jpg 1200w\" sizes=\"auto, (max-width: 1024px) 100vw, 1024px\" \/><\/a><\/figure>\n\n\n\n<figure class=\"wp-block-image size-large\"><a href=\"https:\/\/www.obozrolkowy.pl\/wp-content\/uploads\/2026\/02\/IMG-20240726-WA0017.jpg\"><img loading=\"lazy\" decoding=\"async\" width=\"1024\" height=\"461\" data-id=\"2697\" src=\"https:\/\/www.obozrolkowy.pl\/wp-content\/uploads\/2026\/02\/IMG-20240726-WA0017-1024x461.jpg\" alt=\"\" class=\"wp-image-2697\" srcset=\"https:\/\/www.obozrolkowy.pl\/wp-content\/uploads\/2026\/02\/IMG-20240726-WA0017-1024x461.jpg 1024w, https:\/\/www.obozrolkowy.pl\/wp-content\/uploads\/2026\/02\/IMG-20240726-WA0017-300x135.jpg 300w, https:\/\/www.obozrolkowy.pl\/wp-content\/uploads\/2026\/02\/IMG-20240726-WA0017-768x346.jpg 768w, https:\/\/www.obozrolkowy.pl\/wp-content\/uploads\/2026\/02\/IMG-20240726-WA0017-1536x691.jpg 1536w, https:\/\/www.obozrolkowy.pl\/wp-content\/uploads\/2026\/02\/IMG-20240726-WA0017.jpg 1600w\" sizes=\"auto, (max-width: 1024px) 100vw, 1024px\" \/><\/a><\/figure>\n<\/figure>\n\n\n\n<p><\/p>\n","protected":false},"excerpt":{"rendered":"<p>Oferta oboz\u00f3w rolkowych Lato 2026 pojawi si\u0119 ju\u017c w grudniu! Wi\u0119cej informacji ju\u017c wkr\u00f3tce Wi\u0119cej informacji oraz szczeg\u00f3\u0142y dotycz\u0105ce zapis\u00f3w: [bs-list type=&#8221;page&#8221; post_parent=&#8221;16&#8243; order=&#8221;DESC&#8221; orderby=&#8221;date&#8221;] Przyk\u0142adowe zdj\u0119cia z naszych oboz\u00f3w letnich:<\/p>\n","protected":false},"author":1,"featured_media":0,"parent":0,"menu_order":0,"comment_status":"closed","ping_status":"closed","template":"page-sidebar-none.php","meta":{"_acf_changed":false,"footnotes":""},"class_list":["post-16","page","type-page","status-publish","hentry"],"acf":[],"_links":{"self":[{"href":"https:\/\/www.obozrolkowy.pl\/index.php\/wp-json\/wp\/v2\/pages\/16","targetHints":{"allow":["GET"]}}],"collection":[{"href":"https:\/\/www.obozrolkowy.pl\/index.php\/wp-json\/wp\/v2\/pages"}],"about":[{"href":"https:\/\/www.obozrolkowy.pl\/index.php\/wp-json\/wp\/v2\/types\/page"}],"author":[{"embeddable":true,"href":"https:\/\/www.obozrolkowy.pl\/index.php\/wp-json\/wp\/v2\/users\/1"}],"replies":[{"embeddable":true,"href":"https:\/\/www.obozrolkowy.pl\/index.php\/wp-json\/wp\/v2\/comments?post=16"}],"version-history":[{"count":42,"href":"https:\/\/www.obozrolkowy.pl\/index.php\/wp-json\/wp\/v2\/pages\/16\/revisions"}],"predecessor-version":[{"id":2699,"href":"https:\/\/www.obozrolkowy.pl\/index.php\/wp-json\/wp\/v2\/pages\/16\/revisions\/2699"}],"wp:attachment":[{"href":"https:\/\/www.obozrolkowy.pl\/index.php\/wp-json\/wp\/v2\/media?parent=16"}],"curies":[{"name":"wp","href":"https:\/\/api.w.org\/{rel}","templated":true}]}}