{"id":171,"date":"2016-10-30T12:40:41","date_gmt":"2016-10-30T12:40:41","guid":{"rendered":"https:\/\/oceanwp.org\/travel\/?page_id=171"},"modified":"2026-02-13T09:17:15","modified_gmt":"2026-02-13T09:17:15","slug":"home","status":"publish","type":"page","link":"https:\/\/www.obozrolkowy.pl\/","title":{"rendered":"O nas"},"content":{"rendered":"<div id=\"fb-root\"><\/div>\n\n<section id=\"frontpage-cta\" class=\"py-5 height-100 position-relative bg-light\">\n    <div class=\"container h-100\">\n\n        <div class=\"row h-100\">\n\n            <div class=\"col-lg-7 h-100\">\n\n                <div class=\"h-100 d-flex align-items-center\">\n                    <div>\n<h2 class=\"display-4\">Witamy na stronie obozrolkowy.pl<\/h2>\n\n\n\n<h5 class=\"wp-block-heading\">Ju\u017c na pocz\u0105tku grudnia pojawi si\u0119 pe\u0142na oferta, oboz\u00f3w letnich oraz p\u00f3\u0142kolonii dla dzieci, organizowanych przez warszawsk\u0105 szko\u0142\u0119 nauki jazdy na rolkach Rollschool.<\/h5>\n\n\n\n<div class=\"mt-4\">\n                            <a href=\"#wyjazdy_rodzinne\" class=\"btn btn-primary btn-lg mr-2\">Co organizujemy?<\/a> <a href=\"#galeria\" class=\"btn btn-secondary btn-lg\">Obejrzyj zdj\u0119cia<\/a>\n                        <\/div>\n                    <\/div>\n                <\/div>\n\n            <\/div>\n\n            <div class=\"col-lg-5 position-relative\">\n                <div class=\"h-100 d-flex align-items-center justify-content-center\">\n                    <img decoding=\"async\" class=\"d-none d-lg-block logo-img position-absolute shrink drop-shadow\" src=\"\/wp-content\/themes\/bootscore-child-main\/img\/rollschool_logo.svg\" alt=\"\">\n\n                    \n                    <img decoding=\"async\" class=\"d-none d-lg-block drop-container-bottom position-absolute pulse-vert drop-shadow\" src=\"\/wp-content\/themes\/bootscore-child-main\/img\/o.svg\" alt=\"Drop\">\n                <\/div>\n            <\/div>\n\n        <\/div>\n\n    <\/div>\n\n    <img decoding=\"async\" class=\"drop-top-right position-absolute pulse-vert d-none d-lg-block drop-shadow\" src=\"\/wp-content\/themes\/bootscore-child-main\/img\/o.svg\" alt=\"Drop\">\n    <img decoding=\"async\" class=\"drop-bottom-left position-absolute pulse-hor d-none d-lg-block drop-shadow\" src=\"\/wp-content\/themes\/bootscore-child-main\/img\/o.svg\" alt=\"Drop\">\n\n<\/section>\n\n\n\n<!-- Wyjazdy rodzinne -->\n<section id=\"wyjazdy_rodzinne\" class=\"py-5\">\n    <div class=\"container py-lg-5\">\n        <div class=\"row\">\n\n            <div class=\"col-lg-6\">\n                <div class=\"h-100 d-flex align-items-center pr-xl\">\n                    <div data-aos=\"fade-up\">\n                        \n                      <h2 class=\"display-4\">Wyjazdy rodzinne<\/h2>\n                        <div class=\"section-collage position-relative d-lg-none my-5\">\n                            <img decoding=\"async\" class=\"responsive-width lg position-absolute top left shadow rounded\" src=\"\/wp-content\/uploads\/2026\/02\/20250621-017-IMG_0224-net.jpg\" alt=\"Full Width Image\">\n                            <img decoding=\"async\" class=\"responsive-width md position-absolute bottom left-2 shadow rounded z-1\" src=\"\/wp-content\/uploads\/2025\/12\/20250906-133-IMG_9413-net.jpg\" alt=\"Equal Height\">\n                            <img decoding=\"async\" class=\"responsive-width sm position-absolute center right shadow rounded\" src=\"\/wp-content\/uploads\/2025\/12\/20250907-007-IMG_0616-net.jpg\" alt=\"Category Default\">\n <\/div>\n\n\n\n<p>Organizujemy od wielu lat rodzinne wyjazdy &#8211; Rolkow\u0105 Maj\u00f3wk\u0119 oraz Family Campy, gdzie \u0142\u0105czymy wakacyjny wyjazd rodzinny z intensywnym kursem jazdy na rolkach.<\/p>\n\n\n\n<a href=\"\/index.php\/wyjazdy-rodzinne\/\" class=\"btn btn-primary btn-lg mr-2\">Zobacz wi\u0119cej<\/a>\n\n<\/div>\n                <\/div>\n            <\/div>\n\n            <div class=\"col-lg-6\">\n                <div class=\"h-100 d-none d-lg-flex align-items-center\">\n                    <div class=\"section-collage position-relative w-100\">\n                        <img decoding=\"async\" class=\"responsive-width lg position-absolute top left shadow rounded\" data-aos=\"zoom-in\" data-aos-delay=\"400\" data-aos-duration=\"600\" src=\"\/wp-content\/uploads\/2025\/12\/20250904-021-IMG_7340-net.jpg\" alt=\"Full Width Image\">\n                        <img decoding=\"async\" class=\"responsive-width sm position-absolute center right shadow rounded\" data-aos=\"zoom-in\" data-aos-delay=\"400\" data-aos-duration=\"600\" src=\"\/wp-content\/uploads\/2025\/12\/20250906-133-IMG_9413-net.jpg\" alt=\"Category Default\">\n                        <img decoding=\"async\" class=\"responsive-width md position-absolute bottom left-2 shadow rounded z-1\" data-aos=\"zoom-in\" data-aos-delay=\"400\" data-aos-duration=\"600\" src=\"\/wp-content\/uploads\/2025\/12\/20250907-007-IMG_0616-net.jpg\" alt=\"Equal Height\">\n                    <\/div>\n\n                <\/div>\n            <\/div>\n\n        <\/div>\n    <\/div>\n<\/section>\n\n\n\n<!-- obozy letnie -->\n<section id=\"letnie_obozy\" class=\"py-5 bg-light\">\n    <div class=\"container py-lg-5\">\n        <div class=\"row\">\n\n            <div class=\"col-lg-6\">\n                <div class=\"h-100 d-flex align-items-center pr-xl\">\n                    <div data-aos=\"fade-up\">\n                        <h2 class=\"display-4\">Letnie obozy dla dzieci<\/h2>\n                        <div class=\"section-collage position-relative d-lg-none my-5\">\n                            <img decoding=\"async\" class=\"responsive-width lg position-absolute top left shadow rounded\" src=\"\/wp-content\/uploads\/2021\/12\/117395010_3159301117438911_2844426152846640721_o.jpg\" alt=\"Contact Form 7\">\n                            <img decoding=\"async\" class=\"responsive-width sm position-absolute center right shadow rounded\" src=\"\/wp-content\/uploads\/2021\/12\/DSC09884-scaled.jpg\" alt=\"Isotope\">\n                            <img decoding=\"async\" class=\"responsive-width md position-absolute bottom left-2 shadow rounded z-1\" src=\"\/wp-content\/uploads\/2021\/12\/DSC04819-scaled-1.jpg\" alt=\"Dark Mode\">\n                        <\/div>\n\n\n\n<p>W okresie wakacyjnym dla naszych dzieci organizujemy obozy. Kilka turnus\u00f3w, r\u00f3\u017cne lokalizacje. Gwarantujemy aktywne zaj\u0119cia z du\u017c\u0105 porcj\u0105 gier i zabaw \ud83d\ude42<\/p>\n\n\n\n<a href=\"\/index.php\/letnie-obozy-dla-dzieci\/\" class=\"btn btn-primary btn-lg mr-2\">Zobacz wi\u0119cej<\/a>\n<\/p>\n                    <\/div>\n                <\/div>\n            <\/div>\n\n            <div class=\"col-lg-6\">\n                <div class=\"h-100 d-none d-lg-flex align-items-center\">\n                    <div class=\"section-collage position-relative w-100\">\n                        <img decoding=\"async\" class=\"responsive-width lg position-absolute top left shadow rounded\" data-aos=\"zoom-in\" data-aos-delay=\"400\" data-aos-duration=\"600\" src=\"\/wp-content\/uploads\/2026\/02\/20250621-017-IMG_0224-net.jpg\" alt=\"Contact Form 7\">\n                        <img decoding=\"async\" class=\"responsive-width sm position-absolute center right shadow rounded\" data-aos=\"zoom-in\" data-aos-delay=\"400\" data-aos-duration=\"600\" src=\"\/wp-content\/uploads\/2024\/03\/302975637_5377967595572241_5505419192085200235_n-1.jpg\" alt=\"Isotope\">\n                        <img decoding=\"async\" class=\"responsive-width md position-absolute bottom left-2 shadow rounded z-1\" data-aos=\"zoom-in\" data-aos-delay=\"400\" data-aos-duration=\"600\" src=\"\/wp-content\/uploads\/2025\/12\/516741660_1230824825722102_3492462895762586941_n.jpg\" alt=\"Dark Mode\">\n                    <\/div>\n                <\/div>\n            <\/div>\n\n        <\/div>\n    <\/div>\n<\/section>\n\n\n\n<!-- P\u00f3\u0142kolonie -->\n<section id=\"wyjazdy_rodzinne\" class=\"py-5\">\n    <div class=\"container py-lg-5\">\n        <div class=\"row\">\n\n            <div class=\"col-lg-6\">\n                <div class=\"h-100 d-flex align-items-center pr-xl\">\n                    <div data-aos=\"fade-up\">\n                        \n                      <h2 class=\"display-4\">P\u00f3\u0142kolonie<\/h2>\n                        <div class=\"section-collage position-relative d-lg-none my-5\">\n                            <img decoding=\"async\" class=\"responsive-width lg position-absolute top left shadow rounded\" src=\"\/wp-content\/uploads\/2026\/02\/20250621-017-IMG_0224-net.jpg\" alt=\"Full Width Image\">\n                            <img decoding=\"async\" class=\"responsive-width md position-absolute bottom left-2 shadow rounded z-1\" src=\"\/wp-content\/uploads\/2024\/03\/302975637_5377967595572241_5505419192085200235_n-1.jpg\" alt=\"Equal Height\">\n                            <img decoding=\"async\" class=\"responsive-width sm position-absolute center right shadow rounded\" src=\"\/wp-content\/uploads\/2025\/12\/516741660_1230824825722102_3492462895762586941_n.jpg\" alt=\"Category Default\">\n <\/div>\n\n\n\n<p>W czasie zimowych ferii mo\u017cesz zagospodarowa\u0107 czas swojemu dziecku &#8211; \u015bpieszymy z pomoc\u0105. Zapraszamy na p\u00f3\u0142kolonie rolkowe dla dzieci, w Warszawie. Gwarantujemy aktywne zaj\u0119cia z du\u017c\u0105 porcj\u0105 gier i zabaw \ud83d\ude42<\/p>\n\n\n\n<a href=\"\/index.php\/polkolonie\/\" class=\"btn btn-primary btn-lg mr-2\">Zobacz wi\u0119cej<\/a>\n<\/div>\n                <\/div>\n            <\/div>\n\n            <div class=\"col-lg-6\">\n                <div class=\"h-100 d-none d-lg-flex align-items-center\">\n                    <div class=\"section-collage position-relative w-100\">\n                        <img decoding=\"async\" class=\"responsive-width lg position-absolute top left shadow rounded\" data-aos=\"zoom-in\" data-aos-delay=\"400\" data-aos-duration=\"600\" src=\"\/wp-content\/uploads\/2024\/03\/419233028_830246892446566_2348632162623197863_n.jpg\" alt=\"Full Width Image\">\n                        <img decoding=\"async\" class=\"responsive-width sm position-absolute center right shadow rounded\" data-aos=\"zoom-in\" data-aos-delay=\"400\" data-aos-duration=\"600\" src=\"\/wp-content\/uploads\/2023\/04\/297768106_5304411672927834_814308575373863733_n.jpg\" alt=\"Category Default\">\n                        <img decoding=\"async\" class=\"responsive-width md position-absolute bottom left-2 shadow rounded z-1\" data-aos=\"zoom-in\" data-aos-delay=\"400\" data-aos-duration=\"600\" src=\"\/wp-content\/uploads\/2024\/03\/369782853_741286818009241_7147431654381095504_n.jpg\" alt=\"Equal Height\">\n                    <\/div>\n\n                <\/div>\n            <\/div>\n\n        <\/div>\n    <\/div>\n<\/section>\n\n\n\n<!-- galeria -->\n<section id=\"galeria\" class=\"py-5 bg-light\">\n    <div class=\"container py-lg-5\">\n        <div class=\"row\">\n          <div data-aos=\"fade-up\">\n            <div class=\"col-12\">\n                <div class=\"h-100 d-flex align-items-center pr-xl\">\n                    <div data-aos=\"fade-up\">\n                        <h2 class=\"display-4\">Galeria zdj\u0119\u0107 z naszych wyjazd\u00f3w<\/h2>\n<div data-aos=\"zoom-in\" data-aos-delay=\"400\" data-aos-duration=\"600\">\n\n\n\n<div style=\"height:32px\" aria-hidden=\"true\" class=\"wp-block-spacer\"><\/div>\n\n\n\n<p>Poni\u017cej znajdziesz troch\u0119 zdj\u0119\u0107 z naszych wyjazd\u00f3w. <\/p>\n\n\n\n<figure class=\"wp-block-gallery has-nested-images columns-5 is-cropped wp-block-gallery-1 is-layout-flex wp-block-gallery-is-layout-flex\">\n<figure class=\"wp-block-image size-large\"><a href=\"https:\/\/www.obozrolkowy.pl\/wp-content\/uploads\/2025\/12\/20250501-017-IMG_9033-HQ-scaled.jpg\"><img loading=\"lazy\" decoding=\"async\" width=\"1024\" height=\"683\" data-id=\"2529\" src=\"https:\/\/www.obozrolkowy.pl\/wp-content\/uploads\/2025\/12\/20250501-017-IMG_9033-HQ-1024x683.jpg\" alt=\"\" class=\"wp-image-2529\" srcset=\"https:\/\/www.obozrolkowy.pl\/wp-content\/uploads\/2025\/12\/20250501-017-IMG_9033-HQ-1024x683.jpg 1024w, https:\/\/www.obozrolkowy.pl\/wp-content\/uploads\/2025\/12\/20250501-017-IMG_9033-HQ-300x200.jpg 300w, https:\/\/www.obozrolkowy.pl\/wp-content\/uploads\/2025\/12\/20250501-017-IMG_9033-HQ-768x512.jpg 768w, https:\/\/www.obozrolkowy.pl\/wp-content\/uploads\/2025\/12\/20250501-017-IMG_9033-HQ-1536x1024.jpg 1536w, https:\/\/www.obozrolkowy.pl\/wp-content\/uploads\/2025\/12\/20250501-017-IMG_9033-HQ-2048x1365.jpg 2048w\" sizes=\"auto, (max-width: 1024px) 100vw, 1024px\" \/><\/a><\/figure>\n\n\n\n<figure class=\"wp-block-image size-large\"><a href=\"https:\/\/www.obozrolkowy.pl\/wp-content\/uploads\/2026\/02\/20250620-044-IMG_0664-net.jpg\"><img loading=\"lazy\" decoding=\"async\" width=\"1024\" height=\"683\" data-id=\"2651\" src=\"https:\/\/www.obozrolkowy.pl\/wp-content\/uploads\/2026\/02\/20250620-044-IMG_0664-net-1024x683.jpg\" alt=\"\" class=\"wp-image-2651\" srcset=\"https:\/\/www.obozrolkowy.pl\/wp-content\/uploads\/2026\/02\/20250620-044-IMG_0664-net-1024x683.jpg 1024w, https:\/\/www.obozrolkowy.pl\/wp-content\/uploads\/2026\/02\/20250620-044-IMG_0664-net-300x200.jpg 300w, https:\/\/www.obozrolkowy.pl\/wp-content\/uploads\/2026\/02\/20250620-044-IMG_0664-net-768x512.jpg 768w, https:\/\/www.obozrolkowy.pl\/wp-content\/uploads\/2026\/02\/20250620-044-IMG_0664-net.jpg 1200w\" sizes=\"auto, (max-width: 1024px) 100vw, 1024px\" \/><\/a><\/figure>\n\n\n\n<figure class=\"wp-block-image size-large\"><a href=\"https:\/\/www.obozrolkowy.pl\/wp-content\/uploads\/2026\/02\/20250906-237-IMG_9724-net.jpg\"><img loading=\"lazy\" decoding=\"async\" width=\"1024\" height=\"683\" data-id=\"2650\" src=\"https:\/\/www.obozrolkowy.pl\/wp-content\/uploads\/2026\/02\/20250906-237-IMG_9724-net-1024x683.jpg\" alt=\"\" class=\"wp-image-2650\" srcset=\"https:\/\/www.obozrolkowy.pl\/wp-content\/uploads\/2026\/02\/20250906-237-IMG_9724-net-1024x683.jpg 1024w, https:\/\/www.obozrolkowy.pl\/wp-content\/uploads\/2026\/02\/20250906-237-IMG_9724-net-300x200.jpg 300w, https:\/\/www.obozrolkowy.pl\/wp-content\/uploads\/2026\/02\/20250906-237-IMG_9724-net-768x512.jpg 768w, https:\/\/www.obozrolkowy.pl\/wp-content\/uploads\/2026\/02\/20250906-237-IMG_9724-net.jpg 1200w\" sizes=\"auto, (max-width: 1024px) 100vw, 1024px\" \/><\/a><\/figure>\n\n\n\n<figure class=\"wp-block-image size-large\"><a href=\"https:\/\/www.obozrolkowy.pl\/wp-content\/uploads\/2026\/02\/IMG-20240802-WA0004.jpg\"><img loading=\"lazy\" decoding=\"async\" width=\"1024\" height=\"461\" data-id=\"2654\" src=\"https:\/\/www.obozrolkowy.pl\/wp-content\/uploads\/2026\/02\/IMG-20240802-WA0004-1024x461.jpg\" alt=\"\" class=\"wp-image-2654\" srcset=\"https:\/\/www.obozrolkowy.pl\/wp-content\/uploads\/2026\/02\/IMG-20240802-WA0004-1024x461.jpg 1024w, https:\/\/www.obozrolkowy.pl\/wp-content\/uploads\/2026\/02\/IMG-20240802-WA0004-300x135.jpg 300w, https:\/\/www.obozrolkowy.pl\/wp-content\/uploads\/2026\/02\/IMG-20240802-WA0004-768x345.jpg 768w, https:\/\/www.obozrolkowy.pl\/wp-content\/uploads\/2026\/02\/IMG-20240802-WA0004-1536x691.jpg 1536w, https:\/\/www.obozrolkowy.pl\/wp-content\/uploads\/2026\/02\/IMG-20240802-WA0004.jpg 2048w\" sizes=\"auto, (max-width: 1024px) 100vw, 1024px\" \/><\/a><\/figure>\n\n\n\n<figure class=\"wp-block-image size-large\"><a href=\"https:\/\/www.obozrolkowy.pl\/wp-content\/uploads\/2025\/01\/450812073_949053673899220_7429684702926341237_n.jpg\"><img loading=\"lazy\" decoding=\"async\" width=\"1024\" height=\"768\" data-id=\"2180\" src=\"https:\/\/www.obozrolkowy.pl\/wp-content\/uploads\/2025\/01\/450812073_949053673899220_7429684702926341237_n-1024x768.jpg\" alt=\"\" class=\"wp-image-2180\" srcset=\"https:\/\/www.obozrolkowy.pl\/wp-content\/uploads\/2025\/01\/450812073_949053673899220_7429684702926341237_n-1024x768.jpg 1024w, https:\/\/www.obozrolkowy.pl\/wp-content\/uploads\/2025\/01\/450812073_949053673899220_7429684702926341237_n-300x225.jpg 300w, https:\/\/www.obozrolkowy.pl\/wp-content\/uploads\/2025\/01\/450812073_949053673899220_7429684702926341237_n-768x576.jpg 768w, https:\/\/www.obozrolkowy.pl\/wp-content\/uploads\/2025\/01\/450812073_949053673899220_7429684702926341237_n-1536x1152.jpg 1536w, https:\/\/www.obozrolkowy.pl\/wp-content\/uploads\/2025\/01\/450812073_949053673899220_7429684702926341237_n.jpg 2048w\" sizes=\"auto, (max-width: 1024px) 100vw, 1024px\" \/><\/a><\/figure>\n\n\n\n<figure class=\"wp-block-image size-large\"><a href=\"https:\/\/www.obozrolkowy.pl\/wp-content\/uploads\/2024\/03\/419233028_830246892446566_2348632162623197863_n.jpg\"><img loading=\"lazy\" decoding=\"async\" width=\"1024\" height=\"576\" data-id=\"1881\" src=\"https:\/\/www.obozrolkowy.pl\/wp-content\/uploads\/2024\/03\/419233028_830246892446566_2348632162623197863_n-1024x576.jpg\" alt=\"\" class=\"wp-image-1881\" srcset=\"https:\/\/www.obozrolkowy.pl\/wp-content\/uploads\/2024\/03\/419233028_830246892446566_2348632162623197863_n-1024x576.jpg 1024w, https:\/\/www.obozrolkowy.pl\/wp-content\/uploads\/2024\/03\/419233028_830246892446566_2348632162623197863_n-300x169.jpg 300w, https:\/\/www.obozrolkowy.pl\/wp-content\/uploads\/2024\/03\/419233028_830246892446566_2348632162623197863_n-768x432.jpg 768w, https:\/\/www.obozrolkowy.pl\/wp-content\/uploads\/2024\/03\/419233028_830246892446566_2348632162623197863_n-1536x864.jpg 1536w, https:\/\/www.obozrolkowy.pl\/wp-content\/uploads\/2024\/03\/419233028_830246892446566_2348632162623197863_n.jpg 2048w\" sizes=\"auto, (max-width: 1024px) 100vw, 1024px\" \/><\/a><\/figure>\n\n\n\n<figure class=\"wp-block-image size-large\"><a href=\"https:\/\/www.obozrolkowy.pl\/wp-content\/uploads\/2026\/02\/IMG-20240724-WA0153-scaled.jpg\"><img loading=\"lazy\" decoding=\"async\" width=\"1024\" height=\"576\" data-id=\"2639\" src=\"https:\/\/www.obozrolkowy.pl\/wp-content\/uploads\/2026\/02\/IMG-20240724-WA0153-1024x576.jpg\" alt=\"\" class=\"wp-image-2639\" srcset=\"https:\/\/www.obozrolkowy.pl\/wp-content\/uploads\/2026\/02\/IMG-20240724-WA0153-1024x576.jpg 1024w, https:\/\/www.obozrolkowy.pl\/wp-content\/uploads\/2026\/02\/IMG-20240724-WA0153-300x169.jpg 300w, https:\/\/www.obozrolkowy.pl\/wp-content\/uploads\/2026\/02\/IMG-20240724-WA0153-768x432.jpg 768w, https:\/\/www.obozrolkowy.pl\/wp-content\/uploads\/2026\/02\/IMG-20240724-WA0153-1536x864.jpg 1536w, https:\/\/www.obozrolkowy.pl\/wp-content\/uploads\/2026\/02\/IMG-20240724-WA0153-2048x1152.jpg 2048w\" sizes=\"auto, (max-width: 1024px) 100vw, 1024px\" \/><\/a><\/figure>\n\n\n\n<figure class=\"wp-block-image size-large\"><a href=\"https:\/\/www.obozrolkowy.pl\/wp-content\/uploads\/2025\/12\/20250906-006-IMG_8966-net.jpg\"><img loading=\"lazy\" decoding=\"async\" width=\"1024\" height=\"683\" data-id=\"2553\" src=\"https:\/\/www.obozrolkowy.pl\/wp-content\/uploads\/2025\/12\/20250906-006-IMG_8966-net-1024x683.jpg\" alt=\"\" class=\"wp-image-2553\" srcset=\"https:\/\/www.obozrolkowy.pl\/wp-content\/uploads\/2025\/12\/20250906-006-IMG_8966-net-1024x683.jpg 1024w, https:\/\/www.obozrolkowy.pl\/wp-content\/uploads\/2025\/12\/20250906-006-IMG_8966-net-300x200.jpg 300w, https:\/\/www.obozrolkowy.pl\/wp-content\/uploads\/2025\/12\/20250906-006-IMG_8966-net-768x512.jpg 768w, https:\/\/www.obozrolkowy.pl\/wp-content\/uploads\/2025\/12\/20250906-006-IMG_8966-net.jpg 1200w\" sizes=\"auto, (max-width: 1024px) 100vw, 1024px\" \/><\/a><\/figure>\n<\/figure>\n\n\n\n<p>Zobacz wi\u0119cej na naszych profilach w mediach spo\u0142eczno\u015bciowych. Zapraszamy na <a href=\"https:\/\/www.facebook.com\/Rollschool\"><i class=\"fa fa-facebook\"><\/i> facebook <\/a>i <a href=\"https:\/\/www.instagram.com\/rollschool\/\"><i class=\"fa fa-instagram\"><\/i> instagram<\/a>.<\/p>\n\n\n\n<\/div>\n                  <\/div>\n                <\/div>\n            <\/div>\n           <\/div>\n        <\/div>\n    <\/div>\n<\/section>\n\n\n\n<!-- O rollschool-->\n<section id=\"o_rollschool\" class=\"py-5\">\n\n    <div class=\"container\">\n        \n<h2 class=\"display-4 text-center\">Rollschool<\/h2>\n\n\n<div class=\"wp-block-image\">\n<figure class=\"aligncenter size-full is-resized\"><img decoding=\"async\" src=\"https:\/\/www.obozrolkowy.pl\/wp-content\/uploads\/2021\/12\/rollschool_logo.svg\" alt=\"\" class=\"wp-image-258\" style=\"width:155px;height:124px\"\/><\/figure>\n<\/div>\n\n\n<p class=\"has-text-align-center\">Informacje o naszej szkole znajdziesz na stronie internetowej <a href=\"http:\/\/www.rollschool.pl\" data-type=\"URL\" data-id=\"www.rollschool.pl\">www.rollschool.pl<\/a><\/p>\n\n\n\n<\/div>\n\n<\/section>\n\n\n\n<p><\/p>\n","protected":false},"excerpt":{"rendered":"<p>Witamy na stronie obozrolkowy.pl Ju\u017c na pocz\u0105tku grudnia pojawi si\u0119 pe\u0142na oferta, oboz\u00f3w letnich oraz p\u00f3\u0142kolonii dla dzieci, organizowanych przez warszawsk\u0105 szko\u0142\u0119 nauki jazdy na rolkach Rollschool. Co organizujemy? Obejrzyj zdj\u0119cia Wyjazdy rodzinne Organizujemy od wielu lat rodzinne wyjazdy &#8211; Rolkow\u0105 Maj\u00f3wk\u0119 oraz Family Campy, gdzie \u0142\u0105czymy wakacyjny wyjazd rodzinny z intensywnym kursem jazdy na [&hellip;]<\/p>\n","protected":false},"author":1,"featured_media":0,"parent":0,"menu_order":0,"comment_status":"closed","ping_status":"closed","template":"page-blank-without-container.php","meta":{"_acf_changed":false,"footnotes":""},"class_list":["post-171","page","type-page","status-publish","hentry"],"acf":[],"_links":{"self":[{"href":"https:\/\/www.obozrolkowy.pl\/index.php\/wp-json\/wp\/v2\/pages\/171","targetHints":{"allow":["GET"]}}],"collection":[{"href":"https:\/\/www.obozrolkowy.pl\/index.php\/wp-json\/wp\/v2\/pages"}],"about":[{"href":"https:\/\/www.obozrolkowy.pl\/index.php\/wp-json\/wp\/v2\/types\/page"}],"author":[{"embeddable":true,"href":"https:\/\/www.obozrolkowy.pl\/index.php\/wp-json\/wp\/v2\/users\/1"}],"replies":[{"embeddable":true,"href":"https:\/\/www.obozrolkowy.pl\/index.php\/wp-json\/wp\/v2\/comments?post=171"}],"version-history":[{"count":172,"href":"https:\/\/www.obozrolkowy.pl\/index.php\/wp-json\/wp\/v2\/pages\/171\/revisions"}],"predecessor-version":[{"id":2693,"href":"https:\/\/www.obozrolkowy.pl\/index.php\/wp-json\/wp\/v2\/pages\/171\/revisions\/2693"}],"wp:attachment":[{"href":"https:\/\/www.obozrolkowy.pl\/index.php\/wp-json\/wp\/v2\/media?parent=171"}],"curies":[{"name":"wp","href":"https:\/\/api.w.org\/{rel}","templated":true}]}}