{"id":2106,"date":"2024-12-31T12:22:16","date_gmt":"2024-12-31T12:22:16","guid":{"rendered":"https:\/\/www.obozrolkowy.pl\/?page_id=2106"},"modified":"2026-03-20T10:00:26","modified_gmt":"2026-03-20T10:00:26","slug":"skatecrosscamp2026","status":"publish","type":"page","link":"https:\/\/www.obozrolkowy.pl\/index.php\/letnie-obozy-dla-dzieci\/skatecrosscamp2026\/","title":{"rendered":"Ob\u00f3z Skate Cross Camp Przysucha  24 &#8211; 28 kwietnia 2026"},"content":{"rendered":"<div id=\"fb-root\"><\/div>\n\n<p><\/p>\n\n\n\n<p id=\"block-5f1b41fe-4c64-4e1a-8e6d-a14546717f2e\">Zapraszamy wszystkich zawodnik\u00f3w zrzeszonych, kt\u00f3rzy startuj\u0105 w zawodach Skate Cross, na ob\u00f3z dedykowany tej dynamicznej dyscyplinie! To wyj\u0105tkowa okazja, aby rozwija\u0107 swoje umiej\u0119tno\u015bci, rywalizowa\u0107 z innymi pasjonatami i doskonali\u0107 technik\u0119 w jednym z najlepszych o\u015brodk\u00f3w sportowych w Europie.<\/p>\n\n\n\n<p><strong>Lokalizacja:<\/strong><br>O\u015brodek Marysie\u0144ka w Przysusze niedaleko Radomia, oferuj\u0105cy wyj\u0105tkowe warunki do trening\u00f3w na rolkach:<\/p>\n\n\n\n<ul class=\"wp-block-list\">\n<li><strong>3 skateparki<\/strong> o r\u00f3\u017cnym stopniu trudno\u015bci,<\/li>\n\n\n\n<li><strong>Bowl<\/strong> dla zaawansowanych technik,<\/li>\n\n\n\n<li><strong>Kryta sala namiotowa<\/strong> na wypadek niesprzyjaj\u0105cej pogody,<\/li>\n\n\n\n<li><strong>3000 m\u00b2 wybetonowanych alejek<\/strong>, kt\u00f3re od tego roku wzbogacaj\u0105 mo\u017cliwo\u015bci treningowe.<\/li>\n<\/ul>\n\n\n\n<p><strong>Plan treningowy:<\/strong><br>Ka\u017cdego dnia odb\u0119d\u0105 si\u0119 trzy bloki treningowe, ka\u017cdy po 2 godziny:<\/p>\n\n\n\n<ol class=\"wp-block-list\">\n<li><strong>Technika jazdy i starty<\/strong> \u2013 praca nad popraw\u0105 dynamiki, skr\u0119t\u00f3w, przyspieszenia oraz skuteczno\u015bci\u0105 start\u00f3w<\/li>\n\n\n\n<li><strong>Treningi na przeszkodach<\/strong> \u2013 nauka pokonywania element\u00f3w typowych dla tras Skate Cross spotykanych na zawodach Skate Crossa.<\/li>\n\n\n\n<li><strong>Symulacje zawod\u00f3w<\/strong> \u2013 rywalizacja w formie mini-turniej\u00f3w, rozwijaj\u0105ca umiej\u0119tno\u015b\u0107 pracy pod presj\u0105 czasu.<\/li>\n<\/ol>\n\n\n\n<p><strong>Dla kogo?<\/strong><br>Ob\u00f3z skierowany jest wy\u0142\u0105cznie do zawodnik\u00f3w zrzeszonych, startuj\u0105cych w zawodach Skate Cross. To wydarzenie dla os\u00f3b, kt\u00f3re chc\u0105 podnie\u015b\u0107 swoje umiej\u0119tno\u015bci na wy\u017cszy poziom i przygotowa\u0107 si\u0119 do rywalizacji w cyklu zawod\u00f3w.<\/p>\n\n\n\n<p><strong>Koszt i szczeg\u00f3\u0142y:<\/strong><br>Cena obejmuje:<\/p>\n\n\n\n<ul class=\"wp-block-list\">\n<li>Zakwaterowanie w o\u015brodku Marysie\u0144ka,<\/li>\n\n\n\n<li>Pe\u0142ne wy\u017cywienie (3 posi\u0142ki dziennie &#8211; \u015bniadania, obiad i kolacja),<\/li>\n\n\n\n<li>Codzienne treningi pod okiem wykwalifikowanych instruktor\u00f3w, na co dzie\u0144 przygotowuj\u0105cych dzieciaki do start\u00f3w w tej dyscyplinie <\/li>\n\n\n\n<li>Ubezpieczenie NNW.<\/li>\n\n\n\n<li>Koszulka obozowa i inne gad\u017cety obozowe. <\/li>\n<\/ul>\n\n\n\n<p id=\"block-5f1b41fe-4c64-4e1a-8e6d-a14546717f2e\"><\/p>\n\n\n\n<figure class=\"wp-block-gallery has-nested-images columns-default is-cropped wp-block-gallery-1 is-layout-flex wp-block-gallery-is-layout-flex\">\n<figure class=\"wp-block-image size-large\"><a href=\"https:\/\/www.obozrolkowy.pl\/wp-content\/uploads\/2025\/12\/20251115-172-IMG_1752-net.jpg\"><img loading=\"lazy\" decoding=\"async\" width=\"1024\" height=\"683\" data-id=\"2504\" src=\"https:\/\/www.obozrolkowy.pl\/wp-content\/uploads\/2025\/12\/20251115-172-IMG_1752-net-1024x683.jpg\" alt=\"\" class=\"wp-image-2504\" srcset=\"https:\/\/www.obozrolkowy.pl\/wp-content\/uploads\/2025\/12\/20251115-172-IMG_1752-net-1024x683.jpg 1024w, https:\/\/www.obozrolkowy.pl\/wp-content\/uploads\/2025\/12\/20251115-172-IMG_1752-net-300x200.jpg 300w, https:\/\/www.obozrolkowy.pl\/wp-content\/uploads\/2025\/12\/20251115-172-IMG_1752-net-768x512.jpg 768w, https:\/\/www.obozrolkowy.pl\/wp-content\/uploads\/2025\/12\/20251115-172-IMG_1752-net.jpg 1200w\" sizes=\"auto, (max-width: 1024px) 100vw, 1024px\" \/><\/a><\/figure>\n\n\n\n<figure class=\"wp-block-image size-full\"><a href=\"https:\/\/www.obozrolkowy.pl\/wp-content\/uploads\/2025\/12\/20251115-212-IMG_1943-net.jpg\"><img loading=\"lazy\" decoding=\"async\" width=\"1200\" height=\"800\" data-id=\"2506\" src=\"https:\/\/www.obozrolkowy.pl\/wp-content\/uploads\/2025\/12\/20251115-212-IMG_1943-net.jpg\" alt=\"\" class=\"wp-image-2506\" srcset=\"https:\/\/www.obozrolkowy.pl\/wp-content\/uploads\/2025\/12\/20251115-212-IMG_1943-net.jpg 1200w, https:\/\/www.obozrolkowy.pl\/wp-content\/uploads\/2025\/12\/20251115-212-IMG_1943-net-300x200.jpg 300w, https:\/\/www.obozrolkowy.pl\/wp-content\/uploads\/2025\/12\/20251115-212-IMG_1943-net-1024x683.jpg 1024w, https:\/\/www.obozrolkowy.pl\/wp-content\/uploads\/2025\/12\/20251115-212-IMG_1943-net-768x512.jpg 768w\" sizes=\"auto, (max-width: 1200px) 100vw, 1200px\" \/><\/a><\/figure>\n\n\n\n<figure class=\"wp-block-image size-full\"><a href=\"https:\/\/www.obozrolkowy.pl\/wp-content\/uploads\/2025\/12\/20251115-104-IMG_1487-net.jpg\"><img loading=\"lazy\" decoding=\"async\" width=\"1200\" height=\"800\" data-id=\"2507\" src=\"https:\/\/www.obozrolkowy.pl\/wp-content\/uploads\/2025\/12\/20251115-104-IMG_1487-net.jpg\" alt=\"\" class=\"wp-image-2507\" srcset=\"https:\/\/www.obozrolkowy.pl\/wp-content\/uploads\/2025\/12\/20251115-104-IMG_1487-net.jpg 1200w, https:\/\/www.obozrolkowy.pl\/wp-content\/uploads\/2025\/12\/20251115-104-IMG_1487-net-300x200.jpg 300w, https:\/\/www.obozrolkowy.pl\/wp-content\/uploads\/2025\/12\/20251115-104-IMG_1487-net-1024x683.jpg 1024w, https:\/\/www.obozrolkowy.pl\/wp-content\/uploads\/2025\/12\/20251115-104-IMG_1487-net-768x512.jpg 768w\" sizes=\"auto, (max-width: 1200px) 100vw, 1200px\" \/><\/a><\/figure>\n\n\n\n<figure class=\"wp-block-image size-large\"><a href=\"https:\/\/www.obozrolkowy.pl\/wp-content\/uploads\/2025\/12\/20251115-122-IMG_1553-net.jpg\"><img loading=\"lazy\" decoding=\"async\" width=\"1024\" height=\"683\" data-id=\"2508\" src=\"https:\/\/www.obozrolkowy.pl\/wp-content\/uploads\/2025\/12\/20251115-122-IMG_1553-net-1024x683.jpg\" alt=\"\" class=\"wp-image-2508\" srcset=\"https:\/\/www.obozrolkowy.pl\/wp-content\/uploads\/2025\/12\/20251115-122-IMG_1553-net-1024x683.jpg 1024w, https:\/\/www.obozrolkowy.pl\/wp-content\/uploads\/2025\/12\/20251115-122-IMG_1553-net-300x200.jpg 300w, https:\/\/www.obozrolkowy.pl\/wp-content\/uploads\/2025\/12\/20251115-122-IMG_1553-net-768x512.jpg 768w, https:\/\/www.obozrolkowy.pl\/wp-content\/uploads\/2025\/12\/20251115-122-IMG_1553-net.jpg 1200w\" sizes=\"auto, (max-width: 1024px) 100vw, 1024px\" \/><\/a><\/figure>\n\n\n\n<figure class=\"wp-block-image size-large\"><a href=\"https:\/\/www.obozrolkowy.pl\/wp-content\/uploads\/2025\/12\/20251115-304-IMG_2407-net.jpg\"><img loading=\"lazy\" decoding=\"async\" width=\"1024\" height=\"683\" data-id=\"2509\" src=\"https:\/\/www.obozrolkowy.pl\/wp-content\/uploads\/2025\/12\/20251115-304-IMG_2407-net-1024x683.jpg\" alt=\"\" class=\"wp-image-2509\" srcset=\"https:\/\/www.obozrolkowy.pl\/wp-content\/uploads\/2025\/12\/20251115-304-IMG_2407-net-1024x683.jpg 1024w, https:\/\/www.obozrolkowy.pl\/wp-content\/uploads\/2025\/12\/20251115-304-IMG_2407-net-300x200.jpg 300w, https:\/\/www.obozrolkowy.pl\/wp-content\/uploads\/2025\/12\/20251115-304-IMG_2407-net-768x512.jpg 768w, https:\/\/www.obozrolkowy.pl\/wp-content\/uploads\/2025\/12\/20251115-304-IMG_2407-net.jpg 1200w\" sizes=\"auto, (max-width: 1024px) 100vw, 1024px\" \/><\/a><\/figure>\n\n\n\n<figure class=\"wp-block-image size-full\"><a href=\"https:\/\/www.obozrolkowy.pl\/wp-content\/uploads\/2025\/12\/20251115-204-IMG_1906-net.jpg\"><img loading=\"lazy\" decoding=\"async\" width=\"1200\" height=\"800\" data-id=\"2510\" src=\"https:\/\/www.obozrolkowy.pl\/wp-content\/uploads\/2025\/12\/20251115-204-IMG_1906-net.jpg\" alt=\"\" class=\"wp-image-2510\" srcset=\"https:\/\/www.obozrolkowy.pl\/wp-content\/uploads\/2025\/12\/20251115-204-IMG_1906-net.jpg 1200w, https:\/\/www.obozrolkowy.pl\/wp-content\/uploads\/2025\/12\/20251115-204-IMG_1906-net-300x200.jpg 300w, https:\/\/www.obozrolkowy.pl\/wp-content\/uploads\/2025\/12\/20251115-204-IMG_1906-net-1024x683.jpg 1024w, https:\/\/www.obozrolkowy.pl\/wp-content\/uploads\/2025\/12\/20251115-204-IMG_1906-net-768x512.jpg 768w\" sizes=\"auto, (max-width: 1200px) 100vw, 1200px\" \/><\/a><\/figure>\n\n\n\n<figure class=\"wp-block-image size-large\"><a href=\"https:\/\/www.obozrolkowy.pl\/wp-content\/uploads\/2025\/12\/20251115-278-IMG_2169-net.jpg\"><img loading=\"lazy\" decoding=\"async\" width=\"1024\" height=\"683\" data-id=\"2511\" src=\"https:\/\/www.obozrolkowy.pl\/wp-content\/uploads\/2025\/12\/20251115-278-IMG_2169-net-1024x683.jpg\" alt=\"\" class=\"wp-image-2511\" srcset=\"https:\/\/www.obozrolkowy.pl\/wp-content\/uploads\/2025\/12\/20251115-278-IMG_2169-net-1024x683.jpg 1024w, https:\/\/www.obozrolkowy.pl\/wp-content\/uploads\/2025\/12\/20251115-278-IMG_2169-net-300x200.jpg 300w, https:\/\/www.obozrolkowy.pl\/wp-content\/uploads\/2025\/12\/20251115-278-IMG_2169-net-768x512.jpg 768w, https:\/\/www.obozrolkowy.pl\/wp-content\/uploads\/2025\/12\/20251115-278-IMG_2169-net.jpg 1200w\" sizes=\"auto, (max-width: 1024px) 100vw, 1024px\" \/><\/a><\/figure>\n\n\n\n<figure class=\"wp-block-image size-large\"><a href=\"https:\/\/www.obozrolkowy.pl\/wp-content\/uploads\/2025\/12\/20251115-149-IMG_1678-net.jpg\"><img loading=\"lazy\" decoding=\"async\" width=\"1024\" height=\"683\" data-id=\"2512\" src=\"https:\/\/www.obozrolkowy.pl\/wp-content\/uploads\/2025\/12\/20251115-149-IMG_1678-net-1024x683.jpg\" alt=\"\" class=\"wp-image-2512\" srcset=\"https:\/\/www.obozrolkowy.pl\/wp-content\/uploads\/2025\/12\/20251115-149-IMG_1678-net-1024x683.jpg 1024w, https:\/\/www.obozrolkowy.pl\/wp-content\/uploads\/2025\/12\/20251115-149-IMG_1678-net-300x200.jpg 300w, https:\/\/www.obozrolkowy.pl\/wp-content\/uploads\/2025\/12\/20251115-149-IMG_1678-net-768x512.jpg 768w, https:\/\/www.obozrolkowy.pl\/wp-content\/uploads\/2025\/12\/20251115-149-IMG_1678-net.jpg 1200w\" sizes=\"auto, (max-width: 1024px) 100vw, 1024px\" \/><\/a><\/figure>\n\n\n\n<figure class=\"wp-block-image size-full\"><a href=\"https:\/\/www.obozrolkowy.pl\/wp-content\/uploads\/2025\/12\/20251115-147-IMG_1673-net.jpg\"><img loading=\"lazy\" decoding=\"async\" width=\"1200\" height=\"800\" data-id=\"2513\" src=\"https:\/\/www.obozrolkowy.pl\/wp-content\/uploads\/2025\/12\/20251115-147-IMG_1673-net.jpg\" alt=\"\" class=\"wp-image-2513\" srcset=\"https:\/\/www.obozrolkowy.pl\/wp-content\/uploads\/2025\/12\/20251115-147-IMG_1673-net.jpg 1200w, https:\/\/www.obozrolkowy.pl\/wp-content\/uploads\/2025\/12\/20251115-147-IMG_1673-net-300x200.jpg 300w, https:\/\/www.obozrolkowy.pl\/wp-content\/uploads\/2025\/12\/20251115-147-IMG_1673-net-1024x683.jpg 1024w, https:\/\/www.obozrolkowy.pl\/wp-content\/uploads\/2025\/12\/20251115-147-IMG_1673-net-768x512.jpg 768w\" sizes=\"auto, (max-width: 1200px) 100vw, 1200px\" \/><\/a><\/figure>\n<\/figure>\n\n\n\n<p id=\"block-499cf7cf-128c-4280-b4dc-c0ef3fba306c\">Tak by\u0142o podczas pierwszego Skate Cross Camp w 2025 roku <\/p>\n\n\n\n<figure class=\"wp-block-embed is-type-video is-provider-youtube wp-block-embed-youtube wp-embed-aspect-16-9 wp-has-aspect-ratio\"><div class=\"wp-block-embed__wrapper\">\n<div class=\"ratio ratio-16x9\"><iframe loading=\"lazy\" title=\"Skate Cross Camp 2025 Przysucha\" width=\"640\" height=\"360\" src=\"https:\/\/www.youtube.com\/embed\/XzRPKw6lxEs?feature=oembed\" frameborder=\"0\" allow=\"accelerometer; autoplay; clipboard-write; encrypted-media; gyroscope; picture-in-picture; web-share\" referrerpolicy=\"strict-origin-when-cross-origin\" allowfullscreen><\/iframe><\/div>\n<\/div><\/figure>\n\n\n\n<p class=\"has-text-align-center\">W przypadku braku wolnych miejsc skontaktuj si\u0119 na wyjazdy@rollschool.pl<\/p>\n\n\n\n<script src=\"https:\/\/rollschool.skaleo.pl\/wp-content\/themes\/skaleo\/js\/iframeResizer.min.js?v=1.13\"><\/script><iframe class=\"skaleo-iframe\" id=\"iFrameSkaleo303\" src=\"https:\/\/rollschool.skaleo.pl\/wyjazdy\/skate-cross-camp-25-29-kwietnia-2025\/?registration=popup&#038;singles_only=false&#038;lang=pl_PL\"  style=\"width:1px; min-width: 100%;max-width: 100%; border:none; margin:0; padding:0; overflow:hidden;\"><\/iframe>\n\n\n\n<p><\/p>\n","protected":false},"excerpt":{"rendered":"<p>Zapraszamy wszystkich zawodnik\u00f3w zrzeszonych, kt\u00f3rzy startuj\u0105 w zawodach Skate Cross, na ob\u00f3z dedykowany tej dynamicznej dyscyplinie! To wyj\u0105tkowa okazja, aby rozwija\u0107 swoje umiej\u0119tno\u015bci, rywalizowa\u0107 z innymi pasjonatami i doskonali\u0107 technik\u0119 w jednym z najlepszych o\u015brodk\u00f3w sportowych w Europie. Lokalizacja:O\u015brodek Marysie\u0144ka w Przysusze niedaleko Radomia, oferuj\u0105cy wyj\u0105tkowe warunki do trening\u00f3w na rolkach: Plan treningowy:Ka\u017cdego dnia odb\u0119d\u0105 [&hellip;]<\/p>\n","protected":false},"author":3,"featured_media":2540,"parent":16,"menu_order":0,"comment_status":"closed","ping_status":"closed","template":"page-full-width-image-wyjazd.php","meta":{"_acf_changed":false,"footnotes":""},"class_list":["post-2106","page","type-page","status-publish","has-post-thumbnail","hentry"],"acf":[],"_links":{"self":[{"href":"https:\/\/www.obozrolkowy.pl\/index.php\/wp-json\/wp\/v2\/pages\/2106","targetHints":{"allow":["GET"]}}],"collection":[{"href":"https:\/\/www.obozrolkowy.pl\/index.php\/wp-json\/wp\/v2\/pages"}],"about":[{"href":"https:\/\/www.obozrolkowy.pl\/index.php\/wp-json\/wp\/v2\/types\/page"}],"author":[{"embeddable":true,"href":"https:\/\/www.obozrolkowy.pl\/index.php\/wp-json\/wp\/v2\/users\/3"}],"replies":[{"embeddable":true,"href":"https:\/\/www.obozrolkowy.pl\/index.php\/wp-json\/wp\/v2\/comments?post=2106"}],"version-history":[{"count":36,"href":"https:\/\/www.obozrolkowy.pl\/index.php\/wp-json\/wp\/v2\/pages\/2106\/revisions"}],"predecessor-version":[{"id":2773,"href":"https:\/\/www.obozrolkowy.pl\/index.php\/wp-json\/wp\/v2\/pages\/2106\/revisions\/2773"}],"up":[{"embeddable":true,"href":"https:\/\/www.obozrolkowy.pl\/index.php\/wp-json\/wp\/v2\/pages\/16"}],"wp:featuredmedia":[{"embeddable":true,"href":"https:\/\/www.obozrolkowy.pl\/index.php\/wp-json\/wp\/v2\/media\/2540"}],"wp:attachment":[{"href":"https:\/\/www.obozrolkowy.pl\/index.php\/wp-json\/wp\/v2\/media?parent=2106"}],"curies":[{"name":"wp","href":"https:\/\/api.w.org\/{rel}","templated":true}]}}