{"id":2740,"date":"2026-03-09T12:24:45","date_gmt":"2026-03-09T12:24:45","guid":{"rendered":"https:\/\/www.obozrolkowy.pl\/?page_id=2740"},"modified":"2026-03-11T10:31:47","modified_gmt":"2026-03-11T10:31:47","slug":"skill-on-wheels-camp","status":"publish","type":"page","link":"https:\/\/www.obozrolkowy.pl\/index.php\/skill-on-wheels-camp\/","title":{"rendered":"Skill on Wheels Camp 18-21 czerwca"},"content":{"rendered":"<div id=\"fb-root\"><\/div>\n\n<p>ob\u00f3z rolkowy dla doros\u0142ych<\/p>\n\n\n\n<p>Skill on Wheels Camp to intensywny wyjazd dla doros\u0142ych, kt\u00f3rzy chc\u0105 wej\u015b\u0107 ze swoj\u0105 jazd\u0105 na rolkach na wy\u017cszy poziom. To kilka dni wsp\u00f3lnych trening\u00f3w, jazdy w \u015bwietnych warunkach i sp\u0119dzania czasu z lud\u017ami, kt\u00f3rzy maj\u0105 dok\u0142adnie t\u0119 sam\u0105 zajawk\u0119.<\/p>\n\n\n\n<p>Niewa\u017cne, czy je\u017adzisz na 6, 8 czy 10 k\u00f3\u0142kach na obozie znajdziesz grup\u0119 dopasowan\u0105 do swojego poziomu i stylu jazdy. Trenujemy w Przysusze, w o\u015brodku Marysie\u0144ka, kt\u00f3ry daje bardzo dobre warunki do jazdy na rolkach.<br><br><\/p>\n\n\n<h2 data-section-id=\"1pta2jj\" data-start=\"606\" data-end=\"618\">Dla kogo?<\/h2>\n<p data-start=\"619\" data-end=\"875\">Ob\u00f3z jest skierowany do os\u00f3b doros\u0142ych, kt\u00f3re ju\u017c je\u017cd\u017c\u0105 na rolkach i chc\u0105 rozwija\u0107 swoje umiej\u0119tno\u015bci w praktyce. To propozycja dla tych, kt\u00f3rzy chc\u0105 poje\u017adzi\u0107 wi\u0119cej, lepiej i bardziej \u015bwiadomie, a przy okazji sp\u0119dzi\u0107 aktywny weekend w dobrej atmosferze.<\/p>\n<p data-start=\"877\" data-end=\"908\">To wyjazd dla os\u00f3b, kt\u00f3re chc\u0105:<\/p>\n<ul data-start=\"909\" data-end=\"1098\">\n<li data-section-id=\"u5u1r6\" data-start=\"909\" data-end=\"935\">\n<p data-start=\"911\" data-end=\"935\">poprawi\u0107 technik\u0119 jazdy,<\/p>\n<\/li>\n<li data-section-id=\"1thywbe\" data-start=\"936\" data-end=\"974\">\n<p data-start=\"938\" data-end=\"974\">nabra\u0107 wi\u0119kszej pewno\u015bci na rolkach,<\/p>\n<\/li>\n<li data-section-id=\"19mn7lv\" data-start=\"975\" data-end=\"1001\">\n<p data-start=\"977\" data-end=\"1001\">prze\u0142ama\u0107 swoje bariery,<\/p>\n<\/li>\n<li data-section-id=\"15ydnaj\" data-start=\"1002\" data-end=\"1051\">\n<p data-start=\"1004\" data-end=\"1051\">trenowa\u0107 w grupie z osobami o podobnej zajawce,<\/p>\n<\/li>\n<li data-section-id=\"1z0xp7d\" data-start=\"1052\" data-end=\"1098\">\n<p data-start=\"1054\" data-end=\"1098\">po\u0142\u0105czy\u0107 rozw\u00f3j z dobr\u0105 zabaw\u0105 i integracj\u0105.<\/p>\n<\/li>\n<\/ul>\n\n\n<figure class=\"wp-block-gallery has-nested-images columns-default is-cropped wp-block-gallery-1 is-layout-flex wp-block-gallery-is-layout-flex\">\n<figure class=\"wp-block-image size-large\"><a href=\"https:\/\/www.obozrolkowy.pl\/wp-content\/uploads\/2026\/03\/20250906-350-IMG_0187-net.jpg\"><img loading=\"lazy\" decoding=\"async\" width=\"1024\" height=\"683\" data-id=\"2752\" src=\"https:\/\/www.obozrolkowy.pl\/wp-content\/uploads\/2026\/03\/20250906-350-IMG_0187-net-1024x683.jpg\" alt=\"\" class=\"wp-image-2752\" srcset=\"https:\/\/www.obozrolkowy.pl\/wp-content\/uploads\/2026\/03\/20250906-350-IMG_0187-net-1024x683.jpg 1024w, https:\/\/www.obozrolkowy.pl\/wp-content\/uploads\/2026\/03\/20250906-350-IMG_0187-net-300x200.jpg 300w, https:\/\/www.obozrolkowy.pl\/wp-content\/uploads\/2026\/03\/20250906-350-IMG_0187-net-768x512.jpg 768w, https:\/\/www.obozrolkowy.pl\/wp-content\/uploads\/2026\/03\/20250906-350-IMG_0187-net.jpg 1200w\" sizes=\"auto, (max-width: 1024px) 100vw, 1024px\" \/><\/a><\/figure>\n\n\n\n<figure class=\"wp-block-image size-large\"><a href=\"https:\/\/www.obozrolkowy.pl\/wp-content\/uploads\/2026\/03\/20250907-086-IMG_0830-net.jpg\"><img loading=\"lazy\" decoding=\"async\" width=\"1024\" height=\"683\" data-id=\"2754\" src=\"https:\/\/www.obozrolkowy.pl\/wp-content\/uploads\/2026\/03\/20250907-086-IMG_0830-net-1024x683.jpg\" alt=\"\" class=\"wp-image-2754\" srcset=\"https:\/\/www.obozrolkowy.pl\/wp-content\/uploads\/2026\/03\/20250907-086-IMG_0830-net-1024x683.jpg 1024w, https:\/\/www.obozrolkowy.pl\/wp-content\/uploads\/2026\/03\/20250907-086-IMG_0830-net-300x200.jpg 300w, https:\/\/www.obozrolkowy.pl\/wp-content\/uploads\/2026\/03\/20250907-086-IMG_0830-net-768x512.jpg 768w, https:\/\/www.obozrolkowy.pl\/wp-content\/uploads\/2026\/03\/20250907-086-IMG_0830-net.jpg 1200w\" sizes=\"auto, (max-width: 1024px) 100vw, 1024px\" \/><\/a><\/figure>\n\n\n\n<figure class=\"wp-block-image size-large\"><a href=\"https:\/\/www.obozrolkowy.pl\/wp-content\/uploads\/2026\/03\/20250904-364-IMG_8246-net.jpg\"><img loading=\"lazy\" decoding=\"async\" width=\"1024\" height=\"683\" data-id=\"2755\" src=\"https:\/\/www.obozrolkowy.pl\/wp-content\/uploads\/2026\/03\/20250904-364-IMG_8246-net-1024x683.jpg\" alt=\"\" class=\"wp-image-2755\" srcset=\"https:\/\/www.obozrolkowy.pl\/wp-content\/uploads\/2026\/03\/20250904-364-IMG_8246-net-1024x683.jpg 1024w, https:\/\/www.obozrolkowy.pl\/wp-content\/uploads\/2026\/03\/20250904-364-IMG_8246-net-300x200.jpg 300w, https:\/\/www.obozrolkowy.pl\/wp-content\/uploads\/2026\/03\/20250904-364-IMG_8246-net-768x512.jpg 768w, https:\/\/www.obozrolkowy.pl\/wp-content\/uploads\/2026\/03\/20250904-364-IMG_8246-net.jpg 1200w\" sizes=\"auto, (max-width: 1024px) 100vw, 1024px\" \/><\/a><\/figure>\n<\/figure>\n\n\n\n<figure class=\"wp-block-gallery has-nested-images columns-default is-cropped wp-block-gallery-2 is-layout-flex wp-block-gallery-is-layout-flex\">\n<figure class=\"wp-block-image size-large\"><a href=\"https:\/\/www.obozrolkowy.pl\/wp-content\/uploads\/2026\/03\/20250621-403-IMG_2152-net.jpg\"><img loading=\"lazy\" decoding=\"async\" width=\"1024\" height=\"683\" data-id=\"2756\" src=\"https:\/\/www.obozrolkowy.pl\/wp-content\/uploads\/2026\/03\/20250621-403-IMG_2152-net-1024x683.jpg\" alt=\"\" class=\"wp-image-2756\" srcset=\"https:\/\/www.obozrolkowy.pl\/wp-content\/uploads\/2026\/03\/20250621-403-IMG_2152-net-1024x683.jpg 1024w, https:\/\/www.obozrolkowy.pl\/wp-content\/uploads\/2026\/03\/20250621-403-IMG_2152-net-300x200.jpg 300w, https:\/\/www.obozrolkowy.pl\/wp-content\/uploads\/2026\/03\/20250621-403-IMG_2152-net-768x512.jpg 768w, https:\/\/www.obozrolkowy.pl\/wp-content\/uploads\/2026\/03\/20250621-403-IMG_2152-net.jpg 1200w\" sizes=\"auto, (max-width: 1024px) 100vw, 1024px\" \/><\/a><\/figure>\n\n\n\n<figure class=\"wp-block-image size-large\"><a href=\"https:\/\/www.obozrolkowy.pl\/wp-content\/uploads\/2026\/03\/20250906-400-IMG_0293-net.jpg\"><img loading=\"lazy\" decoding=\"async\" width=\"1024\" height=\"683\" data-id=\"2753\" src=\"https:\/\/www.obozrolkowy.pl\/wp-content\/uploads\/2026\/03\/20250906-400-IMG_0293-net-1024x683.jpg\" alt=\"\" class=\"wp-image-2753\" srcset=\"https:\/\/www.obozrolkowy.pl\/wp-content\/uploads\/2026\/03\/20250906-400-IMG_0293-net-1024x683.jpg 1024w, https:\/\/www.obozrolkowy.pl\/wp-content\/uploads\/2026\/03\/20250906-400-IMG_0293-net-300x200.jpg 300w, https:\/\/www.obozrolkowy.pl\/wp-content\/uploads\/2026\/03\/20250906-400-IMG_0293-net-768x512.jpg 768w, https:\/\/www.obozrolkowy.pl\/wp-content\/uploads\/2026\/03\/20250906-400-IMG_0293-net.jpg 1200w\" sizes=\"auto, (max-width: 1024px) 100vw, 1024px\" \/><\/a><\/figure>\n<\/figure>\n\n\n\n<figure class=\"wp-block-gallery has-nested-images columns-7 is-cropped wp-block-gallery-3 is-layout-flex wp-block-gallery-is-layout-flex\">\n<figure class=\"wp-block-image size-large\"><a href=\"https:\/\/www.obozrolkowy.pl\/wp-content\/uploads\/2026\/03\/20250620-278-IMG_1508-net.jpg\"><img loading=\"lazy\" decoding=\"async\" width=\"1024\" height=\"683\" data-id=\"2750\" src=\"https:\/\/www.obozrolkowy.pl\/wp-content\/uploads\/2026\/03\/20250620-278-IMG_1508-net-1024x683.jpg\" alt=\"\" class=\"wp-image-2750\" srcset=\"https:\/\/www.obozrolkowy.pl\/wp-content\/uploads\/2026\/03\/20250620-278-IMG_1508-net-1024x683.jpg 1024w, https:\/\/www.obozrolkowy.pl\/wp-content\/uploads\/2026\/03\/20250620-278-IMG_1508-net-300x200.jpg 300w, https:\/\/www.obozrolkowy.pl\/wp-content\/uploads\/2026\/03\/20250620-278-IMG_1508-net-768x512.jpg 768w, https:\/\/www.obozrolkowy.pl\/wp-content\/uploads\/2026\/03\/20250620-278-IMG_1508-net.jpg 1200w\" sizes=\"auto, (max-width: 1024px) 100vw, 1024px\" \/><\/a><\/figure>\n\n\n\n<figure class=\"wp-block-image size-large\"><a href=\"https:\/\/www.obozrolkowy.pl\/wp-content\/uploads\/2023\/12\/20230608-423-IMG_6857-Poprawione-Szum-net.jpg\"><img loading=\"lazy\" decoding=\"async\" width=\"1024\" height=\"683\" data-id=\"1668\" src=\"https:\/\/www.obozrolkowy.pl\/wp-content\/uploads\/2023\/12\/20230608-423-IMG_6857-Poprawione-Szum-net-1024x683.jpg\" alt=\"\" class=\"wp-image-1668\" srcset=\"https:\/\/www.obozrolkowy.pl\/wp-content\/uploads\/2023\/12\/20230608-423-IMG_6857-Poprawione-Szum-net-1024x683.jpg 1024w, https:\/\/www.obozrolkowy.pl\/wp-content\/uploads\/2023\/12\/20230608-423-IMG_6857-Poprawione-Szum-net-300x200.jpg 300w, https:\/\/www.obozrolkowy.pl\/wp-content\/uploads\/2023\/12\/20230608-423-IMG_6857-Poprawione-Szum-net-768x512.jpg 768w, https:\/\/www.obozrolkowy.pl\/wp-content\/uploads\/2023\/12\/20230608-423-IMG_6857-Poprawione-Szum-net.jpg 1200w\" sizes=\"auto, (max-width: 1024px) 100vw, 1024px\" \/><\/a><\/figure>\n\n\n\n<figure class=\"wp-block-image size-large\"><a href=\"https:\/\/www.obozrolkowy.pl\/wp-content\/uploads\/2023\/12\/20230610-102-IMG_1068-net.jpg\"><img loading=\"lazy\" decoding=\"async\" width=\"1024\" height=\"683\" data-id=\"1658\" src=\"https:\/\/www.obozrolkowy.pl\/wp-content\/uploads\/2023\/12\/20230610-102-IMG_1068-net-1024x683.jpg\" alt=\"\" class=\"wp-image-1658\" srcset=\"https:\/\/www.obozrolkowy.pl\/wp-content\/uploads\/2023\/12\/20230610-102-IMG_1068-net-1024x683.jpg 1024w, https:\/\/www.obozrolkowy.pl\/wp-content\/uploads\/2023\/12\/20230610-102-IMG_1068-net-300x200.jpg 300w, https:\/\/www.obozrolkowy.pl\/wp-content\/uploads\/2023\/12\/20230610-102-IMG_1068-net-768x512.jpg 768w, https:\/\/www.obozrolkowy.pl\/wp-content\/uploads\/2023\/12\/20230610-102-IMG_1068-net.jpg 1200w\" sizes=\"auto, (max-width: 1024px) 100vw, 1024px\" \/><\/a><\/figure>\n<\/figure>\n\n\n<p data-start=\"1123\" data-end=\"1415\">Podczas obozu skupiamy si\u0119 na praktyce, technice i swobodniejszym poruszaniu si\u0119 na rolkach. W zale\u017cno\u015bci od poziomu grupy b\u0119dziemy pracowa\u0107 nad lepsz\u0105 kontrol\u0105 jazdy, p\u0142ynno\u015bci\u0105 ruchu, stabilno\u015bci\u0105, skr\u0119tami, balansowaniem cia\u0142em, pokonywaniem przeszk\u00f3d oraz rozwijaniem nowych umiej\u0119tno\u015bci.<\/p>\n<p data-start=\"1417\" data-end=\"1593\">To ob\u00f3z nastawiony na realny progres tak, \u017ceby po wyje\u017adzie wr\u00f3ci\u0107 nie tylko z fajnymi wspomnieniami, ale te\u017c z poczuciem, \u017ce Twoja jazda naprawd\u0119 wskoczy\u0142a na wy\u017cszy poziom.<\/p>\n\n\n<p>Kliknij poni\u017cej, aby <strong>pobra\u0107 plik PDF z opisem poziom\u00f3w<\/strong>:<\/p>\n\n\n\n<ul class=\"wp-block-list\">\n<li><strong><a href=\"https:\/\/www.obozrolkowy.pl\/wp-content\/uploads\/2025\/11\/Poziomy-jazdy-Przysucha.pdf\">Pobierz poziomy jazdy (PDF)<\/a><\/strong><\/li>\n<\/ul>\n\n\n\n<p>Poziomy grup dost\u0119pnych na wyje\u017adzie znajdziesz w formularzu zg\u0142oszeniowym.<\/p>\n\n\n\n<script src=\"https:\/\/rollschool.skaleo.pl\/wp-content\/themes\/skaleo\/js\/iframeResizer.min.js?v=1.13\"><\/script><iframe class=\"skaleo-iframe\" id=\"iFrameSkaleo422\" src=\"https:\/\/rollschool.skaleo.pl\/wyjazdy\/oboz-rolkowy-w-janowie-lubelski-10-07-19-07-2026-2\/?registration=popup&#038;singles_only=false&#038;lang=pl_PL\"  style=\"width:1px; min-width: 100%;max-width: 100%; border:none; margin:0; padding:0; overflow:hidden;\"><\/iframe>\n\n\n\n<p>W przypadku braku wolnych miejsc prosimy o kontakt na e-mail wyjazdy@rollschool.pl w celu dopisania na list\u0119 rezerwow\u0105<\/p>\n","protected":false},"excerpt":{"rendered":"<p>ob\u00f3z rolkowy dla doros\u0142ych Skill on Wheels Camp to intensywny wyjazd dla doros\u0142ych, kt\u00f3rzy chc\u0105 wej\u015b\u0107 ze swoj\u0105 jazd\u0105 na rolkach na wy\u017cszy poziom. To kilka dni wsp\u00f3lnych trening\u00f3w, jazdy w \u015bwietnych warunkach i sp\u0119dzania czasu z lud\u017ami, kt\u00f3rzy maj\u0105 dok\u0142adnie t\u0119 sam\u0105 zajawk\u0119. Niewa\u017cne, czy je\u017adzisz na 6, 8 czy 10 k\u00f3\u0142kach na obozie [&hellip;]<\/p>\n","protected":false},"author":3,"featured_media":2621,"parent":0,"menu_order":0,"comment_status":"closed","ping_status":"closed","template":"page-full-width-image-wyjazd.php","meta":{"_acf_changed":false,"footnotes":""},"class_list":["post-2740","page","type-page","status-publish","has-post-thumbnail","hentry"],"acf":[],"_links":{"self":[{"href":"https:\/\/www.obozrolkowy.pl\/index.php\/wp-json\/wp\/v2\/pages\/2740","targetHints":{"allow":["GET"]}}],"collection":[{"href":"https:\/\/www.obozrolkowy.pl\/index.php\/wp-json\/wp\/v2\/pages"}],"about":[{"href":"https:\/\/www.obozrolkowy.pl\/index.php\/wp-json\/wp\/v2\/types\/page"}],"author":[{"embeddable":true,"href":"https:\/\/www.obozrolkowy.pl\/index.php\/wp-json\/wp\/v2\/users\/3"}],"replies":[{"embeddable":true,"href":"https:\/\/www.obozrolkowy.pl\/index.php\/wp-json\/wp\/v2\/comments?post=2740"}],"version-history":[{"count":9,"href":"https:\/\/www.obozrolkowy.pl\/index.php\/wp-json\/wp\/v2\/pages\/2740\/revisions"}],"predecessor-version":[{"id":2770,"href":"https:\/\/www.obozrolkowy.pl\/index.php\/wp-json\/wp\/v2\/pages\/2740\/revisions\/2770"}],"wp:featuredmedia":[{"embeddable":true,"href":"https:\/\/www.obozrolkowy.pl\/index.php\/wp-json\/wp\/v2\/media\/2621"}],"wp:attachment":[{"href":"https:\/\/www.obozrolkowy.pl\/index.php\/wp-json\/wp\/v2\/media?parent=2740"}],"curies":[{"name":"wp","href":"https:\/\/api.w.org\/{rel}","templated":true}]}}