{"id":627,"date":"2021-12-30T14:07:49","date_gmt":"2021-12-30T14:07:49","guid":{"rendered":"https:\/\/www.obozrolkowy.pl\/?page_id=627"},"modified":"2026-03-05T09:00:48","modified_gmt":"2026-03-05T09:00:48","slug":"oboz-rolkowy-rollschool-w-janowie-lubelskim-27-czerwca-6-lipca","status":"publish","type":"page","link":"https:\/\/www.obozrolkowy.pl\/index.php\/letnie-obozy-dla-dzieci\/oboz-rolkowy-rollschool-w-janowie-lubelskim-27-czerwca-6-lipca\/","title":{"rendered":"Ob\u00f3z rolkowy w Janowie Lubelskim 27 czerwca- 6 lipca 2026"},"content":{"rendered":"<div id=\"fb-root\"><\/div>\n\n<figure class=\"wp-block-gallery has-nested-images columns-default is-cropped wp-block-gallery-1 is-layout-flex wp-block-gallery-is-layout-flex\">\n<figure class=\"wp-block-image size-large\"><img loading=\"lazy\" decoding=\"async\" width=\"1024\" height=\"682\" data-id=\"913\" src=\"https:\/\/www.obozrolkowy.pl\/wp-content\/uploads\/2022\/01\/zoom-natury-janow-lubelski-1024x682.jpg\" alt=\"\" class=\"wp-image-913\" srcset=\"https:\/\/www.obozrolkowy.pl\/wp-content\/uploads\/2022\/01\/zoom-natury-janow-lubelski-1024x682.jpg 1024w, https:\/\/www.obozrolkowy.pl\/wp-content\/uploads\/2022\/01\/zoom-natury-janow-lubelski-300x200.jpg 300w, https:\/\/www.obozrolkowy.pl\/wp-content\/uploads\/2022\/01\/zoom-natury-janow-lubelski-768x512.jpg 768w, https:\/\/www.obozrolkowy.pl\/wp-content\/uploads\/2022\/01\/zoom-natury-janow-lubelski.jpg 1099w\" sizes=\"auto, (max-width: 1024px) 100vw, 1024px\" \/><\/figure>\n<\/figure>\n\n\n\n<p>Wszystkich mi\u0142o\u015bnik\u00f3w jazdy na rolkach w wieku&nbsp;<strong>7-17 lat<\/strong>&nbsp;zapraszamy na&nbsp;<strong>ob\u00f3z rolkowy w Janowie Lubelskim.<\/strong><a href=\"https:\/\/docs.google.com\/forms\/d\/e\/1FAIpQLSf4ATmECsdB-Uz1mTJRZc2E4glFDGsyvUCHBezJl_PxOWx5LA\/viewform\"><\/a><\/p>\n\n\n\n<p>W dniach&nbsp;<strong>27 czerwca &#8211; 6 lipca 2026<\/strong>&nbsp;zapraszamy na wyj\u0105tkowy ob\u00f3z rolkowy, podczas kt\u00f3rego Twoje dzieci naucz\u0105 si\u0119 je\u017adzi\u0107 na rolkach od podstaw lub podszkol\u0105 swoj\u0105 technik\u0119 jazdy i naucz\u0105 si\u0119 nowych trik\u00f3w. Zaj\u0119cia prowadzone b\u0119d\u0105 na terenach sportowych oraz w razie deszczu na sali sportowej.<\/p>\n\n\n\n<p>Ob\u00f3z przeznaczony jest dla wszystkich dzieci, zar\u00f3wno tych, kt\u00f3re dopiero chcia\u0142yby spr\u00f3bowa\u0107 jazdy na rolkach, jak i tych, kt\u00f3re ju\u017c dobrze sobie na nich radz\u0105, ale chc\u0105 je\u017adzi\u0107 jeszcze lepiej.<\/p>\n\n\n\n<p>Uczestnicy zostan\u0105 podzieleni na grupy w zale\u017cno\u015bci od zaawansowania (podstawy jazdy, grupa \u015brednio zaawansowana, grupa zaawansowana).<\/p>\n\n\n\n<p> Ponadto dla ch\u0119tnych os\u00f3b istnieje mo\u017cliwo\u015b\u0107 codziennej jazdy konnej (za dodatkow\u0105 op\u0142at\u0105) w o\u015brodku je\u017adzieckim Karino.  Zaj\u0119cia konne nie koliduj\u0105 z zaj\u0119ciami rolkowymi. Ch\u0119tni na lekcje konne uczestnicy s\u0105 dzieleni przez trener\u00f3w z OJ Karino na grup\u0119 pocz\u0105tkuj\u0105c\u0105 i zaawansowan\u0105. Jedna z grup ma zaj\u0119cia rano przed \u015bniadaniem, druga wieczorem po kolacji w przerwie. Grupy maj\u0105 zaj\u0119cia naprzemiennie, raz rano, innego dnia wieczorem. <\/p>\n\n\n\n<p><strong>Co czeka uczestnik\u00f3w?<\/strong><br> Codzienne treningi rolkowe w podziale na grupy:<br>\u2022 pocz\u0105tkuj\u0105cy<br>\u2022 \u015brednio zaawansowani<br>\u2022 zaawansowani \u2013 ka\u017cdy rozwija swoje umiej\u0119tno\u015bci i uczy si\u0119 nowych trik\u00f3w!<\/p>\n\n\n\n<p>Atrakcyjny program dodatkowy:<br>\u2022 warsztaty z serwisowania sprz\u0119tu,<br>\u2022 park linowy i dmuchane atrakcje,<br>\u2022 pla\u017ca i strze\u017cone k\u0105pielisko \u2013 idealne do relaksu po treningach,<br>\u2022 olimpiada rolkowa z pucharami i nagrodami,<br>\u2022 terenowe wycieczki samochodami, paintball, chrzest obozowicza,<br>\u2022 dyskoteki i roller-disco, ognisko z kie\u0142baskami i wiele wi\u0119cej!<\/p>\n\n\n\n<figure class=\"wp-block-gallery has-nested-images columns-default is-cropped wp-block-gallery-2 is-layout-flex wp-block-gallery-is-layout-flex\">\n<figure class=\"wp-block-image size-large\"><a href=\"https:\/\/www.obozrolkowy.pl\/wp-content\/uploads\/2022\/01\/leti-oboz-rolkowy-rollschool.jpg\"><img loading=\"lazy\" decoding=\"async\" width=\"1024\" height=\"576\" data-id=\"908\" src=\"https:\/\/www.obozrolkowy.pl\/wp-content\/uploads\/2022\/01\/leti-oboz-rolkowy-rollschool-1024x576.jpg\" alt=\"\" class=\"wp-image-908\" srcset=\"https:\/\/www.obozrolkowy.pl\/wp-content\/uploads\/2022\/01\/leti-oboz-rolkowy-rollschool-1024x576.jpg 1024w, https:\/\/www.obozrolkowy.pl\/wp-content\/uploads\/2022\/01\/leti-oboz-rolkowy-rollschool-300x169.jpg 300w, https:\/\/www.obozrolkowy.pl\/wp-content\/uploads\/2022\/01\/leti-oboz-rolkowy-rollschool-768x432.jpg 768w, https:\/\/www.obozrolkowy.pl\/wp-content\/uploads\/2022\/01\/leti-oboz-rolkowy-rollschool-1536x864.jpg 1536w, https:\/\/www.obozrolkowy.pl\/wp-content\/uploads\/2022\/01\/leti-oboz-rolkowy-rollschool.jpg 2048w\" sizes=\"auto, (max-width: 1024px) 100vw, 1024px\" \/><\/a><\/figure>\n\n\n\n<figure class=\"wp-block-image size-large\"><a href=\"https:\/\/www.obozrolkowy.pl\/wp-content\/uploads\/2022\/01\/226417144_4154783267890686_5277412531442364113_n-2.jpg\"><img loading=\"lazy\" decoding=\"async\" width=\"577\" height=\"1024\" data-id=\"905\" src=\"https:\/\/www.obozrolkowy.pl\/wp-content\/uploads\/2022\/01\/226417144_4154783267890686_5277412531442364113_n-2-577x1024.jpg\" alt=\"\" class=\"wp-image-905\" srcset=\"https:\/\/www.obozrolkowy.pl\/wp-content\/uploads\/2022\/01\/226417144_4154783267890686_5277412531442364113_n-2-577x1024.jpg 577w, https:\/\/www.obozrolkowy.pl\/wp-content\/uploads\/2022\/01\/226417144_4154783267890686_5277412531442364113_n-2-169x300.jpg 169w, https:\/\/www.obozrolkowy.pl\/wp-content\/uploads\/2022\/01\/226417144_4154783267890686_5277412531442364113_n-2-768x1364.jpg 768w, https:\/\/www.obozrolkowy.pl\/wp-content\/uploads\/2022\/01\/226417144_4154783267890686_5277412531442364113_n-2-865x1536.jpg 865w, https:\/\/www.obozrolkowy.pl\/wp-content\/uploads\/2022\/01\/226417144_4154783267890686_5277412531442364113_n-2.jpg 1153w\" sizes=\"auto, (max-width: 577px) 100vw, 577px\" \/><\/a><\/figure>\n\n\n\n<figure class=\"wp-block-image size-large\"><a href=\"https:\/\/www.obozrolkowy.pl\/wp-content\/uploads\/2025\/01\/452635788_957507879720466_460348708614005225_n.jpg\"><img loading=\"lazy\" decoding=\"async\" width=\"768\" height=\"1024\" data-id=\"2176\" src=\"https:\/\/www.obozrolkowy.pl\/wp-content\/uploads\/2025\/01\/452635788_957507879720466_460348708614005225_n-768x1024.jpg\" alt=\"\" class=\"wp-image-2176\" srcset=\"https:\/\/www.obozrolkowy.pl\/wp-content\/uploads\/2025\/01\/452635788_957507879720466_460348708614005225_n-768x1024.jpg 768w, https:\/\/www.obozrolkowy.pl\/wp-content\/uploads\/2025\/01\/452635788_957507879720466_460348708614005225_n-225x300.jpg 225w, https:\/\/www.obozrolkowy.pl\/wp-content\/uploads\/2025\/01\/452635788_957507879720466_460348708614005225_n-1152x1536.jpg 1152w, https:\/\/www.obozrolkowy.pl\/wp-content\/uploads\/2025\/01\/452635788_957507879720466_460348708614005225_n.jpg 1536w\" sizes=\"auto, (max-width: 768px) 100vw, 768px\" \/><\/a><\/figure>\n\n\n\n<figure class=\"wp-block-image size-large\"><a href=\"https:\/\/www.obozrolkowy.pl\/wp-content\/uploads\/2022\/01\/223506279_4145558838813129_7846237436540956062_n-2.jpg\"><img loading=\"lazy\" decoding=\"async\" width=\"1024\" height=\"769\" data-id=\"898\" src=\"https:\/\/www.obozrolkowy.pl\/wp-content\/uploads\/2022\/01\/223506279_4145558838813129_7846237436540956062_n-2-1024x769.jpg\" alt=\"\" class=\"wp-image-898\" srcset=\"https:\/\/www.obozrolkowy.pl\/wp-content\/uploads\/2022\/01\/223506279_4145558838813129_7846237436540956062_n-2-1024x769.jpg 1024w, https:\/\/www.obozrolkowy.pl\/wp-content\/uploads\/2022\/01\/223506279_4145558838813129_7846237436540956062_n-2-300x225.jpg 300w, https:\/\/www.obozrolkowy.pl\/wp-content\/uploads\/2022\/01\/223506279_4145558838813129_7846237436540956062_n-2-768x576.jpg 768w, https:\/\/www.obozrolkowy.pl\/wp-content\/uploads\/2022\/01\/223506279_4145558838813129_7846237436540956062_n-2-1536x1153.jpg 1536w, https:\/\/www.obozrolkowy.pl\/wp-content\/uploads\/2022\/01\/223506279_4145558838813129_7846237436540956062_n-2.jpg 1600w\" sizes=\"auto, (max-width: 1024px) 100vw, 1024px\" \/><\/a><\/figure>\n\n\n\n<figure class=\"wp-block-image size-large\"><a href=\"https:\/\/www.obozrolkowy.pl\/wp-content\/uploads\/2025\/01\/453173838_960919456045975_7716551115224977031_n.jpg\"><img loading=\"lazy\" decoding=\"async\" width=\"1024\" height=\"576\" data-id=\"2175\" src=\"https:\/\/www.obozrolkowy.pl\/wp-content\/uploads\/2025\/01\/453173838_960919456045975_7716551115224977031_n-1024x576.jpg\" alt=\"\" class=\"wp-image-2175\" srcset=\"https:\/\/www.obozrolkowy.pl\/wp-content\/uploads\/2025\/01\/453173838_960919456045975_7716551115224977031_n-1024x576.jpg 1024w, https:\/\/www.obozrolkowy.pl\/wp-content\/uploads\/2025\/01\/453173838_960919456045975_7716551115224977031_n-300x169.jpg 300w, https:\/\/www.obozrolkowy.pl\/wp-content\/uploads\/2025\/01\/453173838_960919456045975_7716551115224977031_n-768x432.jpg 768w, https:\/\/www.obozrolkowy.pl\/wp-content\/uploads\/2025\/01\/453173838_960919456045975_7716551115224977031_n-1536x864.jpg 1536w, https:\/\/www.obozrolkowy.pl\/wp-content\/uploads\/2025\/01\/453173838_960919456045975_7716551115224977031_n.jpg 2048w\" sizes=\"auto, (max-width: 1024px) 100vw, 1024px\" \/><\/a><\/figure>\n\n\n\n<figure class=\"wp-block-image size-large\"><a href=\"https:\/\/www.obozrolkowy.pl\/wp-content\/uploads\/2022\/01\/223411138_4145659168803096_1839358915962627188_n-2.jpg\"><img loading=\"lazy\" decoding=\"async\" width=\"1024\" height=\"768\" data-id=\"895\" src=\"https:\/\/www.obozrolkowy.pl\/wp-content\/uploads\/2022\/01\/223411138_4145659168803096_1839358915962627188_n-2-1024x768.jpg\" alt=\"\" class=\"wp-image-895\" srcset=\"https:\/\/www.obozrolkowy.pl\/wp-content\/uploads\/2022\/01\/223411138_4145659168803096_1839358915962627188_n-2-1024x768.jpg 1024w, https:\/\/www.obozrolkowy.pl\/wp-content\/uploads\/2022\/01\/223411138_4145659168803096_1839358915962627188_n-2-300x225.jpg 300w, https:\/\/www.obozrolkowy.pl\/wp-content\/uploads\/2022\/01\/223411138_4145659168803096_1839358915962627188_n-2-768x576.jpg 768w, https:\/\/www.obozrolkowy.pl\/wp-content\/uploads\/2022\/01\/223411138_4145659168803096_1839358915962627188_n-2-1536x1152.jpg 1536w, https:\/\/www.obozrolkowy.pl\/wp-content\/uploads\/2022\/01\/223411138_4145659168803096_1839358915962627188_n-2.jpg 1600w\" sizes=\"auto, (max-width: 1024px) 100vw, 1024px\" \/><\/a><\/figure>\n\n\n\n<figure class=\"wp-block-image size-large\"><a href=\"https:\/\/www.obozrolkowy.pl\/wp-content\/uploads\/2022\/01\/223344535_4145607505474929_626356135639516919_n-2.jpg\"><img loading=\"lazy\" decoding=\"async\" width=\"1024\" height=\"576\" data-id=\"894\" src=\"https:\/\/www.obozrolkowy.pl\/wp-content\/uploads\/2022\/01\/223344535_4145607505474929_626356135639516919_n-2-1024x576.jpg\" alt=\"\" class=\"wp-image-894\" srcset=\"https:\/\/www.obozrolkowy.pl\/wp-content\/uploads\/2022\/01\/223344535_4145607505474929_626356135639516919_n-2-1024x576.jpg 1024w, https:\/\/www.obozrolkowy.pl\/wp-content\/uploads\/2022\/01\/223344535_4145607505474929_626356135639516919_n-2-300x169.jpg 300w, https:\/\/www.obozrolkowy.pl\/wp-content\/uploads\/2022\/01\/223344535_4145607505474929_626356135639516919_n-2-768x432.jpg 768w, https:\/\/www.obozrolkowy.pl\/wp-content\/uploads\/2022\/01\/223344535_4145607505474929_626356135639516919_n-2-1536x864.jpg 1536w, https:\/\/www.obozrolkowy.pl\/wp-content\/uploads\/2022\/01\/223344535_4145607505474929_626356135639516919_n-2.jpg 2048w\" sizes=\"auto, (max-width: 1024px) 100vw, 1024px\" \/><\/a><\/figure>\n\n\n\n<figure class=\"wp-block-image size-large\"><a href=\"https:\/\/www.obozrolkowy.pl\/wp-content\/uploads\/2025\/01\/wyspa.jpg\"><img loading=\"lazy\" decoding=\"async\" width=\"1024\" height=\"691\" data-id=\"2172\" src=\"https:\/\/www.obozrolkowy.pl\/wp-content\/uploads\/2025\/01\/wyspa-1024x691.jpg\" alt=\"\" class=\"wp-image-2172\" srcset=\"https:\/\/www.obozrolkowy.pl\/wp-content\/uploads\/2025\/01\/wyspa-1024x691.jpg 1024w, https:\/\/www.obozrolkowy.pl\/wp-content\/uploads\/2025\/01\/wyspa-300x202.jpg 300w, https:\/\/www.obozrolkowy.pl\/wp-content\/uploads\/2025\/01\/wyspa-768x518.jpg 768w, https:\/\/www.obozrolkowy.pl\/wp-content\/uploads\/2025\/01\/wyspa-1536x1036.jpg 1536w, https:\/\/www.obozrolkowy.pl\/wp-content\/uploads\/2025\/01\/wyspa.jpg 1623w\" sizes=\"auto, (max-width: 1024px) 100vw, 1024px\" \/><\/a><\/figure>\n\n\n\n<figure class=\"wp-block-image size-large\"><a href=\"https:\/\/www.obozrolkowy.pl\/wp-content\/uploads\/2025\/01\/img_20230620_121706851_mfnr-4096-scaled.jpg\"><img loading=\"lazy\" decoding=\"async\" width=\"771\" height=\"1024\" data-id=\"2173\" src=\"https:\/\/www.obozrolkowy.pl\/wp-content\/uploads\/2025\/01\/img_20230620_121706851_mfnr-4096-771x1024.jpg\" alt=\"\" class=\"wp-image-2173\" srcset=\"https:\/\/www.obozrolkowy.pl\/wp-content\/uploads\/2025\/01\/img_20230620_121706851_mfnr-4096-771x1024.jpg 771w, https:\/\/www.obozrolkowy.pl\/wp-content\/uploads\/2025\/01\/img_20230620_121706851_mfnr-4096-226x300.jpg 226w, https:\/\/www.obozrolkowy.pl\/wp-content\/uploads\/2025\/01\/img_20230620_121706851_mfnr-4096-768x1020.jpg 768w, https:\/\/www.obozrolkowy.pl\/wp-content\/uploads\/2025\/01\/img_20230620_121706851_mfnr-4096-1157x1536.jpg 1157w, https:\/\/www.obozrolkowy.pl\/wp-content\/uploads\/2025\/01\/img_20230620_121706851_mfnr-4096-1542x2048.jpg 1542w, https:\/\/www.obozrolkowy.pl\/wp-content\/uploads\/2025\/01\/img_20230620_121706851_mfnr-4096-scaled.jpg 1928w\" sizes=\"auto, (max-width: 771px) 100vw, 771px\" \/><\/a><\/figure>\n<\/figure>\n\n\n\n<h2 class=\"wp-block-heading\" id=\"jak-bylo-w-poprzednim-roku\">Jak by\u0142o w poprzednim roku?<\/h2>\n\n\n\n<p>Zobacz fotorelacje z obozu w 2025 roku na naszym facebooku<\/p>\n\n\n\n<p><a href=\"https:\/\/www.facebook.com\/media\/set\/?set=a.1225923672878884\">Galeria zdj\u0119\u0107 z pierwszego turnusu<\/a><\/p>\n\n\n\n<p><a href=\"https:\/\/www.facebook.com\/media\/set\/?set=a.1267656528705598\" target=\"_blank\" rel=\"noreferrer noopener\">Galeria zdj\u0119\u0107 z drugiego turnusu<\/a><\/p>\n\n\n\n<p><strong>Przed zapisaniem dziecka na ob\u00f3z prosimy o zapoznanie si\u0119 z poziomami jazdy.<\/strong><\/p>\n\n\n\n<p>To bardzo wa\u017cne, aby dobra\u0107 odpowiedni\u0105 grup\u0119 i zapewni\u0107 dzieciom bezpiecze\u0144stwo oraz komfort podczas zaj\u0119\u0107.<br><strong>Kliknij poni\u017cej, aby pobra\u0107 opis poziom\u00f3w w formacie PDF:<\/strong><br><strong><a href=\"https:\/\/www.obozrolkowy.pl\/wp-content\/uploads\/2025\/11\/Poziomy-jazd-na-obozach-dla-dzieci-i-mlodziezy.pdf\">Pobierz poziomy jazdy (PDF)<\/a><\/strong><br>Informacje o <strong>grupach dost\u0119pnych na danym turnusie<\/strong> znajdziesz w <strong>ankiecie zapisowej<\/strong>.<\/p>\n\n\n\n<p class=\"has-text-align-center\">W przypadku braku wolnych miejsc skontaktuj si\u0119 na wyjazdy@rollschool.pl<\/p>\n\n\n\n<p class=\"has-text-align-center\"><\/p>\n\n\n\n<script src=\"https:\/\/rollschool.skaleo.pl\/wp-content\/themes\/skaleo\/js\/iframeResizer.min.js?v=1.13\"><\/script><iframe class=\"skaleo-iframe\" id=\"iFrameSkaleo352\" src=\"https:\/\/rollschool.skaleo.pl\/wyjazdy\/oboz-rolkowy-w-janowie-lubelski-10-07-19-07-2026\/?registration=popup&#038;singles_only=false&#038;lang=pl_PL\"  style=\"width:1px; min-width: 100%;max-width: 100%; border:none; margin:0; padding:0; overflow:hidden;\"><\/iframe>\n\n\n\n<p><\/p>\n","protected":false},"excerpt":{"rendered":"<p>Wszystkich mi\u0142o\u015bnik\u00f3w jazdy na rolkach w wieku&nbsp;7-17 lat&nbsp;zapraszamy na&nbsp;ob\u00f3z rolkowy w Janowie Lubelskim. W dniach&nbsp;27 czerwca &#8211; 6 lipca 2026&nbsp;zapraszamy na wyj\u0105tkowy ob\u00f3z rolkowy, podczas kt\u00f3rego Twoje dzieci naucz\u0105 si\u0119 je\u017adzi\u0107 na rolkach od podstaw lub podszkol\u0105 swoj\u0105 technik\u0119 jazdy i naucz\u0105 si\u0119 nowych trik\u00f3w. Zaj\u0119cia prowadzone b\u0119d\u0105 na terenach sportowych oraz w razie deszczu [&hellip;]<\/p>\n","protected":false},"author":1,"featured_media":2558,"parent":16,"menu_order":1,"comment_status":"closed","ping_status":"closed","template":"page-full-width-image-wyjazd.php","meta":{"_acf_changed":false,"footnotes":""},"class_list":["post-627","page","type-page","status-publish","has-post-thumbnail","hentry"],"acf":[],"_links":{"self":[{"href":"https:\/\/www.obozrolkowy.pl\/index.php\/wp-json\/wp\/v2\/pages\/627","targetHints":{"allow":["GET"]}}],"collection":[{"href":"https:\/\/www.obozrolkowy.pl\/index.php\/wp-json\/wp\/v2\/pages"}],"about":[{"href":"https:\/\/www.obozrolkowy.pl\/index.php\/wp-json\/wp\/v2\/types\/page"}],"author":[{"embeddable":true,"href":"https:\/\/www.obozrolkowy.pl\/index.php\/wp-json\/wp\/v2\/users\/1"}],"replies":[{"embeddable":true,"href":"https:\/\/www.obozrolkowy.pl\/index.php\/wp-json\/wp\/v2\/comments?post=627"}],"version-history":[{"count":163,"href":"https:\/\/www.obozrolkowy.pl\/index.php\/wp-json\/wp\/v2\/pages\/627\/revisions"}],"predecessor-version":[{"id":2728,"href":"https:\/\/www.obozrolkowy.pl\/index.php\/wp-json\/wp\/v2\/pages\/627\/revisions\/2728"}],"up":[{"embeddable":true,"href":"https:\/\/www.obozrolkowy.pl\/index.php\/wp-json\/wp\/v2\/pages\/16"}],"wp:featuredmedia":[{"embeddable":true,"href":"https:\/\/www.obozrolkowy.pl\/index.php\/wp-json\/wp\/v2\/media\/2558"}],"wp:attachment":[{"href":"https:\/\/www.obozrolkowy.pl\/index.php\/wp-json\/wp\/v2\/media?parent=627"}],"curies":[{"name":"wp","href":"https:\/\/api.w.org\/{rel}","templated":true}]}}