{"id":979,"date":"2022-01-26T13:52:35","date_gmt":"2022-01-26T13:52:35","guid":{"rendered":"https:\/\/www.obozrolkowy.pl\/?page_id=979"},"modified":"2026-03-05T09:45:29","modified_gmt":"2026-03-05T09:45:29","slug":"rollschool-family-camp-2-wrzesnia-6-wrzesnia-2026","status":"publish","type":"page","link":"https:\/\/www.obozrolkowy.pl\/index.php\/wyjazdy-rodzinne\/rollschool-family-camp-2-wrzesnia-6-wrzesnia-2026\/","title":{"rendered":"Rollschool Family Camp 2-6 wrze\u015bnia 2026"},"content":{"rendered":"<div id=\"fb-root\"><\/div>\n\n<p>Zapraszamy na ostatni\u0105 w tym roku edycj\u0119 naszego legendarnego ju\u017c Family Campu w Przysusze.<\/p>\n\n\n\n<p>Rollschool Family Camp czyli rodzinnego wyjazdu wakacyjnego dla rodzin po\u0142\u0105czonym z intensywnym kursem jazdy na rolkach. Tutaj rolkami \u017cyjemy 24h na dob\u0119 \ud83d\ude42<\/p>\n\n\n\n<p>Mieszka\u0107 b\u0119dziemy w o\u015brodku Marysie\u0144ka w Przysusze (120 km od Warszawy&nbsp;\u2013 ok. 1,5 h od Warszawy).<\/p>\n\n\n\n<figure class=\"wp-block-gallery has-nested-images columns-7 is-cropped wp-block-gallery-1 is-layout-flex wp-block-gallery-is-layout-flex\">\n<figure class=\"wp-block-image size-large\"><a href=\"https:\/\/www.obozrolkowy.pl\/wp-content\/uploads\/2023\/12\/20230608-342-IMG_0529-net.jpg\"><img loading=\"lazy\" decoding=\"async\" width=\"1024\" height=\"683\" data-id=\"1649\" src=\"https:\/\/www.obozrolkowy.pl\/wp-content\/uploads\/2023\/12\/20230608-342-IMG_0529-net-1024x683.jpg\" alt=\"\" class=\"wp-image-1649\" srcset=\"https:\/\/www.obozrolkowy.pl\/wp-content\/uploads\/2023\/12\/20230608-342-IMG_0529-net-1024x683.jpg 1024w, https:\/\/www.obozrolkowy.pl\/wp-content\/uploads\/2023\/12\/20230608-342-IMG_0529-net-300x200.jpg 300w, https:\/\/www.obozrolkowy.pl\/wp-content\/uploads\/2023\/12\/20230608-342-IMG_0529-net-768x512.jpg 768w, https:\/\/www.obozrolkowy.pl\/wp-content\/uploads\/2023\/12\/20230608-342-IMG_0529-net.jpg 1200w\" sizes=\"auto, (max-width: 1024px) 100vw, 1024px\" \/><\/a><\/figure>\n\n\n\n<figure class=\"wp-block-image size-large\"><a href=\"https:\/\/www.obozrolkowy.pl\/wp-content\/uploads\/2025\/12\/20250907-007-IMG_0616-net.jpg\"><img loading=\"lazy\" decoding=\"async\" width=\"1024\" height=\"683\" data-id=\"2554\" src=\"https:\/\/www.obozrolkowy.pl\/wp-content\/uploads\/2025\/12\/20250907-007-IMG_0616-net-1024x683.jpg\" alt=\"\" class=\"wp-image-2554\" srcset=\"https:\/\/www.obozrolkowy.pl\/wp-content\/uploads\/2025\/12\/20250907-007-IMG_0616-net-1024x683.jpg 1024w, https:\/\/www.obozrolkowy.pl\/wp-content\/uploads\/2025\/12\/20250907-007-IMG_0616-net-300x200.jpg 300w, https:\/\/www.obozrolkowy.pl\/wp-content\/uploads\/2025\/12\/20250907-007-IMG_0616-net-768x512.jpg 768w, https:\/\/www.obozrolkowy.pl\/wp-content\/uploads\/2025\/12\/20250907-007-IMG_0616-net.jpg 1200w\" sizes=\"auto, (max-width: 1024px) 100vw, 1024px\" \/><\/a><\/figure>\n\n\n\n<figure class=\"wp-block-image size-large\"><a href=\"https:\/\/www.obozrolkowy.pl\/wp-content\/uploads\/2023\/12\/20230609-198-IMG_7770-net.jpg\"><img loading=\"lazy\" decoding=\"async\" width=\"1024\" height=\"683\" data-id=\"1652\" src=\"https:\/\/www.obozrolkowy.pl\/wp-content\/uploads\/2023\/12\/20230609-198-IMG_7770-net-1024x683.jpg\" alt=\"\" class=\"wp-image-1652\" srcset=\"https:\/\/www.obozrolkowy.pl\/wp-content\/uploads\/2023\/12\/20230609-198-IMG_7770-net-1024x683.jpg 1024w, https:\/\/www.obozrolkowy.pl\/wp-content\/uploads\/2023\/12\/20230609-198-IMG_7770-net-300x200.jpg 300w, https:\/\/www.obozrolkowy.pl\/wp-content\/uploads\/2023\/12\/20230609-198-IMG_7770-net-768x512.jpg 768w, https:\/\/www.obozrolkowy.pl\/wp-content\/uploads\/2023\/12\/20230609-198-IMG_7770-net.jpg 1200w\" sizes=\"auto, (max-width: 1024px) 100vw, 1024px\" \/><\/a><\/figure>\n\n\n\n<figure class=\"wp-block-image size-large\"><a href=\"https:\/\/www.obozrolkowy.pl\/wp-content\/uploads\/2023\/12\/20230610-219-IMG_8126-net.jpg\"><img loading=\"lazy\" decoding=\"async\" width=\"1024\" height=\"683\" data-id=\"1659\" src=\"https:\/\/www.obozrolkowy.pl\/wp-content\/uploads\/2023\/12\/20230610-219-IMG_8126-net-1024x683.jpg\" alt=\"\" class=\"wp-image-1659\" srcset=\"https:\/\/www.obozrolkowy.pl\/wp-content\/uploads\/2023\/12\/20230610-219-IMG_8126-net-1024x683.jpg 1024w, https:\/\/www.obozrolkowy.pl\/wp-content\/uploads\/2023\/12\/20230610-219-IMG_8126-net-300x200.jpg 300w, https:\/\/www.obozrolkowy.pl\/wp-content\/uploads\/2023\/12\/20230610-219-IMG_8126-net-768x512.jpg 768w, https:\/\/www.obozrolkowy.pl\/wp-content\/uploads\/2023\/12\/20230610-219-IMG_8126-net.jpg 1200w\" sizes=\"auto, (max-width: 1024px) 100vw, 1024px\" \/><\/a><\/figure>\n\n\n\n<figure class=\"wp-block-image size-large\"><a href=\"https:\/\/www.obozrolkowy.pl\/wp-content\/uploads\/2025\/12\/20250905-043-IMG_8681-net.jpg\"><img loading=\"lazy\" decoding=\"async\" width=\"1024\" height=\"683\" data-id=\"2548\" src=\"https:\/\/www.obozrolkowy.pl\/wp-content\/uploads\/2025\/12\/20250905-043-IMG_8681-net-1024x683.jpg\" alt=\"\" class=\"wp-image-2548\" srcset=\"https:\/\/www.obozrolkowy.pl\/wp-content\/uploads\/2025\/12\/20250905-043-IMG_8681-net-1024x683.jpg 1024w, https:\/\/www.obozrolkowy.pl\/wp-content\/uploads\/2025\/12\/20250905-043-IMG_8681-net-300x200.jpg 300w, https:\/\/www.obozrolkowy.pl\/wp-content\/uploads\/2025\/12\/20250905-043-IMG_8681-net-768x512.jpg 768w, https:\/\/www.obozrolkowy.pl\/wp-content\/uploads\/2025\/12\/20250905-043-IMG_8681-net.jpg 1200w\" sizes=\"auto, (max-width: 1024px) 100vw, 1024px\" \/><\/a><\/figure>\n\n\n\n<figure class=\"wp-block-image size-full\"><a href=\"https:\/\/www.obozrolkowy.pl\/wp-content\/uploads\/2023\/12\/20230610-409-IMG_9549-net.jpg\"><img loading=\"lazy\" decoding=\"async\" width=\"1200\" height=\"800\" data-id=\"1662\" src=\"https:\/\/www.obozrolkowy.pl\/wp-content\/uploads\/2023\/12\/20230610-409-IMG_9549-net.jpg\" alt=\"\" class=\"wp-image-1662\" srcset=\"https:\/\/www.obozrolkowy.pl\/wp-content\/uploads\/2023\/12\/20230610-409-IMG_9549-net.jpg 1200w, https:\/\/www.obozrolkowy.pl\/wp-content\/uploads\/2023\/12\/20230610-409-IMG_9549-net-300x200.jpg 300w, https:\/\/www.obozrolkowy.pl\/wp-content\/uploads\/2023\/12\/20230610-409-IMG_9549-net-1024x683.jpg 1024w, https:\/\/www.obozrolkowy.pl\/wp-content\/uploads\/2023\/12\/20230610-409-IMG_9549-net-768x512.jpg 768w\" sizes=\"auto, (max-width: 1200px) 100vw, 1200px\" \/><\/a><\/figure>\n\n\n\n<figure class=\"wp-block-image size-large\"><a href=\"https:\/\/www.obozrolkowy.pl\/wp-content\/uploads\/2023\/12\/20230610-058-IMG_1025-net.jpg\"><img loading=\"lazy\" decoding=\"async\" width=\"1024\" height=\"683\" data-id=\"1663\" src=\"https:\/\/www.obozrolkowy.pl\/wp-content\/uploads\/2023\/12\/20230610-058-IMG_1025-net-1024x683.jpg\" alt=\"\" class=\"wp-image-1663\" srcset=\"https:\/\/www.obozrolkowy.pl\/wp-content\/uploads\/2023\/12\/20230610-058-IMG_1025-net-1024x683.jpg 1024w, https:\/\/www.obozrolkowy.pl\/wp-content\/uploads\/2023\/12\/20230610-058-IMG_1025-net-300x200.jpg 300w, https:\/\/www.obozrolkowy.pl\/wp-content\/uploads\/2023\/12\/20230610-058-IMG_1025-net-768x512.jpg 768w, https:\/\/www.obozrolkowy.pl\/wp-content\/uploads\/2023\/12\/20230610-058-IMG_1025-net.jpg 1200w\" sizes=\"auto, (max-width: 1024px) 100vw, 1024px\" \/><\/a><\/figure>\n\n\n\n<figure class=\"wp-block-image size-large\"><a href=\"https:\/\/www.obozrolkowy.pl\/wp-content\/uploads\/2023\/12\/20230608-423-IMG_6857-Poprawione-Szum-net.jpg\"><img loading=\"lazy\" decoding=\"async\" width=\"1024\" height=\"683\" data-id=\"1668\" src=\"https:\/\/www.obozrolkowy.pl\/wp-content\/uploads\/2023\/12\/20230608-423-IMG_6857-Poprawione-Szum-net-1024x683.jpg\" alt=\"\" class=\"wp-image-1668\" srcset=\"https:\/\/www.obozrolkowy.pl\/wp-content\/uploads\/2023\/12\/20230608-423-IMG_6857-Poprawione-Szum-net-1024x683.jpg 1024w, https:\/\/www.obozrolkowy.pl\/wp-content\/uploads\/2023\/12\/20230608-423-IMG_6857-Poprawione-Szum-net-300x200.jpg 300w, https:\/\/www.obozrolkowy.pl\/wp-content\/uploads\/2023\/12\/20230608-423-IMG_6857-Poprawione-Szum-net-768x512.jpg 768w, https:\/\/www.obozrolkowy.pl\/wp-content\/uploads\/2023\/12\/20230608-423-IMG_6857-Poprawione-Szum-net.jpg 1200w\" sizes=\"auto, (max-width: 1024px) 100vw, 1024px\" \/><\/a><\/figure>\n\n\n\n<figure class=\"wp-block-image size-large\"><a href=\"https:\/\/www.obozrolkowy.pl\/wp-content\/uploads\/2025\/12\/20250906-133-IMG_9413-net.jpg\"><img loading=\"lazy\" decoding=\"async\" width=\"1024\" height=\"683\" data-id=\"2551\" src=\"https:\/\/www.obozrolkowy.pl\/wp-content\/uploads\/2025\/12\/20250906-133-IMG_9413-net-1024x683.jpg\" alt=\"\" class=\"wp-image-2551\" srcset=\"https:\/\/www.obozrolkowy.pl\/wp-content\/uploads\/2025\/12\/20250906-133-IMG_9413-net-1024x683.jpg 1024w, https:\/\/www.obozrolkowy.pl\/wp-content\/uploads\/2025\/12\/20250906-133-IMG_9413-net-300x200.jpg 300w, https:\/\/www.obozrolkowy.pl\/wp-content\/uploads\/2025\/12\/20250906-133-IMG_9413-net-768x512.jpg 768w, https:\/\/www.obozrolkowy.pl\/wp-content\/uploads\/2025\/12\/20250906-133-IMG_9413-net.jpg 1200w\" sizes=\"auto, (max-width: 1024px) 100vw, 1024px\" \/><\/a><\/figure>\n\n\n\n<figure class=\"wp-block-image size-full\"><a href=\"https:\/\/www.obozrolkowy.pl\/wp-content\/uploads\/2023\/12\/20230610-449-IMG_9699-net.jpg\"><img loading=\"lazy\" decoding=\"async\" width=\"1200\" height=\"800\" data-id=\"1664\" src=\"https:\/\/www.obozrolkowy.pl\/wp-content\/uploads\/2023\/12\/20230610-449-IMG_9699-net.jpg\" alt=\"\" class=\"wp-image-1664\" srcset=\"https:\/\/www.obozrolkowy.pl\/wp-content\/uploads\/2023\/12\/20230610-449-IMG_9699-net.jpg 1200w, https:\/\/www.obozrolkowy.pl\/wp-content\/uploads\/2023\/12\/20230610-449-IMG_9699-net-300x200.jpg 300w, https:\/\/www.obozrolkowy.pl\/wp-content\/uploads\/2023\/12\/20230610-449-IMG_9699-net-1024x683.jpg 1024w, https:\/\/www.obozrolkowy.pl\/wp-content\/uploads\/2023\/12\/20230610-449-IMG_9699-net-768x512.jpg 768w\" sizes=\"auto, (max-width: 1200px) 100vw, 1200px\" \/><\/a><\/figure>\n\n\n\n<figure class=\"wp-block-image size-large\"><a href=\"https:\/\/www.obozrolkowy.pl\/wp-content\/uploads\/2023\/12\/20230608-337-IMG_0498-net.jpg\"><img loading=\"lazy\" decoding=\"async\" width=\"1024\" height=\"683\" data-id=\"1666\" src=\"https:\/\/www.obozrolkowy.pl\/wp-content\/uploads\/2023\/12\/20230608-337-IMG_0498-net-1024x683.jpg\" alt=\"\" class=\"wp-image-1666\" srcset=\"https:\/\/www.obozrolkowy.pl\/wp-content\/uploads\/2023\/12\/20230608-337-IMG_0498-net-1024x683.jpg 1024w, https:\/\/www.obozrolkowy.pl\/wp-content\/uploads\/2023\/12\/20230608-337-IMG_0498-net-300x200.jpg 300w, https:\/\/www.obozrolkowy.pl\/wp-content\/uploads\/2023\/12\/20230608-337-IMG_0498-net-768x512.jpg 768w, https:\/\/www.obozrolkowy.pl\/wp-content\/uploads\/2023\/12\/20230608-337-IMG_0498-net.jpg 1200w\" sizes=\"auto, (max-width: 1024px) 100vw, 1024px\" \/><\/a><\/figure>\n\n\n\n<figure class=\"wp-block-image size-large\"><a href=\"https:\/\/www.obozrolkowy.pl\/wp-content\/uploads\/2023\/12\/20230608-371-IMG_6724-net.jpg\"><img loading=\"lazy\" decoding=\"async\" width=\"1024\" height=\"683\" data-id=\"1665\" src=\"https:\/\/www.obozrolkowy.pl\/wp-content\/uploads\/2023\/12\/20230608-371-IMG_6724-net-1024x683.jpg\" alt=\"\" class=\"wp-image-1665\" srcset=\"https:\/\/www.obozrolkowy.pl\/wp-content\/uploads\/2023\/12\/20230608-371-IMG_6724-net-1024x683.jpg 1024w, https:\/\/www.obozrolkowy.pl\/wp-content\/uploads\/2023\/12\/20230608-371-IMG_6724-net-300x200.jpg 300w, https:\/\/www.obozrolkowy.pl\/wp-content\/uploads\/2023\/12\/20230608-371-IMG_6724-net-768x512.jpg 768w, https:\/\/www.obozrolkowy.pl\/wp-content\/uploads\/2023\/12\/20230608-371-IMG_6724-net.jpg 1200w\" sizes=\"auto, (max-width: 1024px) 100vw, 1024px\" \/><\/a><\/figure>\n\n\n\n<figure class=\"wp-block-image size-large\"><a href=\"https:\/\/www.obozrolkowy.pl\/wp-content\/uploads\/2023\/12\/20230608-331-IMG_0469-net.jpg\"><img loading=\"lazy\" decoding=\"async\" width=\"1024\" height=\"683\" data-id=\"1667\" src=\"https:\/\/www.obozrolkowy.pl\/wp-content\/uploads\/2023\/12\/20230608-331-IMG_0469-net-1024x683.jpg\" alt=\"\" class=\"wp-image-1667\" srcset=\"https:\/\/www.obozrolkowy.pl\/wp-content\/uploads\/2023\/12\/20230608-331-IMG_0469-net-1024x683.jpg 1024w, https:\/\/www.obozrolkowy.pl\/wp-content\/uploads\/2023\/12\/20230608-331-IMG_0469-net-300x200.jpg 300w, https:\/\/www.obozrolkowy.pl\/wp-content\/uploads\/2023\/12\/20230608-331-IMG_0469-net-768x512.jpg 768w, https:\/\/www.obozrolkowy.pl\/wp-content\/uploads\/2023\/12\/20230608-331-IMG_0469-net.jpg 1200w\" sizes=\"auto, (max-width: 1024px) 100vw, 1024px\" \/><\/a><\/figure>\n\n\n\n<figure class=\"wp-block-image size-large\"><a href=\"https:\/\/www.obozrolkowy.pl\/wp-content\/uploads\/2023\/12\/20230610-372-IMG_8233-net.jpg\"><img loading=\"lazy\" decoding=\"async\" width=\"1024\" height=\"683\" data-id=\"1660\" src=\"https:\/\/www.obozrolkowy.pl\/wp-content\/uploads\/2023\/12\/20230610-372-IMG_8233-net-1024x683.jpg\" alt=\"\" class=\"wp-image-1660\" srcset=\"https:\/\/www.obozrolkowy.pl\/wp-content\/uploads\/2023\/12\/20230610-372-IMG_8233-net-1024x683.jpg 1024w, https:\/\/www.obozrolkowy.pl\/wp-content\/uploads\/2023\/12\/20230610-372-IMG_8233-net-300x200.jpg 300w, https:\/\/www.obozrolkowy.pl\/wp-content\/uploads\/2023\/12\/20230610-372-IMG_8233-net-768x512.jpg 768w, https:\/\/www.obozrolkowy.pl\/wp-content\/uploads\/2023\/12\/20230610-372-IMG_8233-net.jpg 1200w\" sizes=\"auto, (max-width: 1024px) 100vw, 1024px\" \/><\/a><\/figure>\n\n\n\n<figure class=\"wp-block-image size-large\"><a href=\"https:\/\/www.obozrolkowy.pl\/wp-content\/uploads\/2023\/12\/20230610-344-IMG_9388-net.jpg\"><img loading=\"lazy\" decoding=\"async\" width=\"1024\" height=\"683\" data-id=\"1655\" src=\"https:\/\/www.obozrolkowy.pl\/wp-content\/uploads\/2023\/12\/20230610-344-IMG_9388-net-1024x683.jpg\" alt=\"\" class=\"wp-image-1655\" srcset=\"https:\/\/www.obozrolkowy.pl\/wp-content\/uploads\/2023\/12\/20230610-344-IMG_9388-net-1024x683.jpg 1024w, https:\/\/www.obozrolkowy.pl\/wp-content\/uploads\/2023\/12\/20230610-344-IMG_9388-net-300x200.jpg 300w, https:\/\/www.obozrolkowy.pl\/wp-content\/uploads\/2023\/12\/20230610-344-IMG_9388-net-768x512.jpg 768w, https:\/\/www.obozrolkowy.pl\/wp-content\/uploads\/2023\/12\/20230610-344-IMG_9388-net.jpg 1200w\" sizes=\"auto, (max-width: 1024px) 100vw, 1024px\" \/><\/a><\/figure>\n\n\n\n<figure class=\"wp-block-image size-large\"><a href=\"https:\/\/www.obozrolkowy.pl\/wp-content\/uploads\/2025\/12\/20250905-032-IMG_8622-net.jpg\"><img loading=\"lazy\" decoding=\"async\" width=\"1024\" height=\"683\" data-id=\"2556\" src=\"https:\/\/www.obozrolkowy.pl\/wp-content\/uploads\/2025\/12\/20250905-032-IMG_8622-net-1024x683.jpg\" alt=\"\" class=\"wp-image-2556\" srcset=\"https:\/\/www.obozrolkowy.pl\/wp-content\/uploads\/2025\/12\/20250905-032-IMG_8622-net-1024x683.jpg 1024w, https:\/\/www.obozrolkowy.pl\/wp-content\/uploads\/2025\/12\/20250905-032-IMG_8622-net-300x200.jpg 300w, https:\/\/www.obozrolkowy.pl\/wp-content\/uploads\/2025\/12\/20250905-032-IMG_8622-net-768x512.jpg 768w, https:\/\/www.obozrolkowy.pl\/wp-content\/uploads\/2025\/12\/20250905-032-IMG_8622-net.jpg 1200w\" sizes=\"auto, (max-width: 1024px) 100vw, 1024px\" \/><\/a><\/figure>\n\n\n\n<figure class=\"wp-block-image size-large\"><a href=\"https:\/\/www.obozrolkowy.pl\/wp-content\/uploads\/2023\/12\/20230610-102-IMG_1068-net.jpg\"><img loading=\"lazy\" decoding=\"async\" width=\"1024\" height=\"683\" data-id=\"1658\" src=\"https:\/\/www.obozrolkowy.pl\/wp-content\/uploads\/2023\/12\/20230610-102-IMG_1068-net-1024x683.jpg\" alt=\"\" class=\"wp-image-1658\" srcset=\"https:\/\/www.obozrolkowy.pl\/wp-content\/uploads\/2023\/12\/20230610-102-IMG_1068-net-1024x683.jpg 1024w, https:\/\/www.obozrolkowy.pl\/wp-content\/uploads\/2023\/12\/20230610-102-IMG_1068-net-300x200.jpg 300w, https:\/\/www.obozrolkowy.pl\/wp-content\/uploads\/2023\/12\/20230610-102-IMG_1068-net-768x512.jpg 768w, https:\/\/www.obozrolkowy.pl\/wp-content\/uploads\/2023\/12\/20230610-102-IMG_1068-net.jpg 1200w\" sizes=\"auto, (max-width: 1024px) 100vw, 1024px\" \/><\/a><\/figure>\n<\/figure>\n\n\n\n<p><a href=\"https:\/\/www.facebook.com\/media\/set\/?set=a.1285939916877259&amp;type=3\" target=\"_blank\" rel=\"noreferrer noopener\">Galeria zdj\u0119\u0107 z poprzedniego wrze\u015bniowego Family Camp 2025<\/a><\/p>\n\n\n\n<p>Jedziemy jak zwykle do&nbsp;<strong>Przysuchy niedaleko Radomia, gdzie w o\u015brodku Marysie\u0144ka<\/strong>&nbsp;b\u0119dziemy mieli do dyspozycji jeden z najlepiej przystosowanych o\u015brodk\u00f3w do jazdy na rolkach\/deskorolkach w Europie.<br>Do dyspozycji b\u0119dziemy mieli&nbsp;<strong>3 skateparki<\/strong>&nbsp;z murkami, boxami i kickerami,&nbsp;<strong>bowla<\/strong>&nbsp;oraz&nbsp;<strong>miniramp\u0119<\/strong>&nbsp;a tak\u017ce&nbsp;<strong>kryt\u0105 sale namiotow\u0105 (800m2)<\/strong>&nbsp;na kt\u00f3rej znajduje sie kolejny skatepark \ud83d\ude09Od tego roku dost\u0119pne jest r\u00f3wnie\u017c 3000m2 wybetonowanych <strong>alejek <\/strong>gotowych do jazdy na cz\u0119\u015bci o\u015brodka z drewnianymi domkami, hal\u0105 i skateparkiem nr 3.<\/p>\n\n\n\n<p>Tutaj rolkami \u017cyjemy 24h na dob\u0119 \ud83d\ude42<\/p>\n\n\n\n<h2 class=\"wp-block-heading\" id=\"czego-bedziemy-sie-uczyc\">Czego b\u0119dziemy si\u0119 uczy\u0107:<\/h2>\n\n\n\n<ul class=\"wp-block-list\">\n<li>podstawy jazdy oraz doskonalenie jazdy na rolkach dla dzieci i doros\u0142ych (utrzymywanie r\u00f3wnowagi, p\u0142ynne poruszanie si\u0119 do przodu, skr\u0119canie, hamowanie, jazda ty\u0142em)<\/li>\n\n\n\n<li>podstawy jazdy dla dzieci z elementami zabawy \u2013 tak\u017ce dla przedszkolak\u00f3w<\/li>\n\n\n\n<li>slidy&nbsp;\u2013 efektywne i efektowne sposoby hamowania dla zaawansowanych<\/li>\n\n\n\n<li>podstawy i doskonalenie jazdy po skateparku<\/li>\n\n\n\n<li>jazda agresywna<\/li>\n\n\n\n<li>freestyle slalom<\/li>\n<\/ul>\n\n\n\n<p>Na miejscu podzielimy si\u0119 na mniejsze grupy (pod k\u0105tem umiej\u0119tno\u015bci)&nbsp;\u2013 ka\u017cda grupa b\u0119dzie \u0107wiczy\u0107 ze swoim instruktorem min. 2h dziennie.<\/p>\n\n\n\n<p>Na rolkow\u0105 maj\u00f3wk\u0119 z Rollschool zapraszamy wszystkie osoby, zar\u00f3wno te kt\u00f3re ju\u017c je\u017cd\u017c\u0105, jak i te, kt\u00f3re dopiero chcia\u0142yby zacz\u0105\u0107 swoj\u0105 przygod\u0119 z butami na 8 k\u00f3\u0142eczkach.<\/p>\n\n\n\n<p>Na miejscu b\u0119dzie dost\u0119pnych minimum 8 instruktor\u00f3w.<\/p>\n\n\n\n<p>Film z majowego wyjazdu w 2024 do Przysuchy:<\/p>\n\n\n\n<figure class=\"wp-block-embed is-type-video is-provider-youtube wp-block-embed-youtube wp-embed-aspect-16-9 wp-has-aspect-ratio\"><div class=\"wp-block-embed__wrapper\">\n<div class=\"ratio ratio-16x9\"><iframe loading=\"lazy\" title=\"Rodzinna Rolkowa Maj\u00f3wka z Rollschool 2024\" width=\"640\" height=\"360\" src=\"https:\/\/www.youtube.com\/embed\/6eaQ4ZRae0g?feature=oembed\" frameborder=\"0\" allow=\"accelerometer; autoplay; clipboard-write; encrypted-media; gyroscope; picture-in-picture; web-share\" referrerpolicy=\"strict-origin-when-cross-origin\" allowfullscreen><\/iframe><\/div>\n<\/div><\/figure>\n\n\n\n<p><strong>Przed zapisaniem rodziny na wyjazd zapoznaj si\u0119 z poziomami jazdy.<\/strong><br>Kliknij poni\u017cej, aby <strong>pobra\u0107 plik PDF z opisem poziom\u00f3w<\/strong>:<\/p>\n\n\n\n<ul class=\"wp-block-list\">\n<li><strong><a href=\"https:\/\/www.obozrolkowy.pl\/wp-content\/uploads\/2025\/11\/Poziomy-jazdy-Przysucha.pdf\">Pobierz poziomy jazdy (PDF)<\/a><\/strong><\/li>\n<\/ul>\n\n\n\n<p>Poziomy grup dost\u0119pnych na wyje\u017adzie znajdziesz w <strong>ankiecie zapisowej<\/strong>.<\/p>\n\n\n\n<p class=\"has-text-align-center\"><\/p>\n\n\n\n<script src=\"https:\/\/rollschool.skaleo.pl\/wp-content\/themes\/skaleo\/js\/iframeResizer.min.js?v=1.13\"><\/script><iframe class=\"skaleo-iframe\" id=\"iFrameSkaleo312\" src=\"https:\/\/rollschool.skaleo.pl\/wyjazdy\/wrzesniowy-family-camp-2025\/?registration=popup&#038;singles_only=false&#038;lang=pl_PL\"  style=\"width:1px; min-width: 100%;max-width: 100%; border:none; margin:0; padding:0; overflow:hidden;\"><\/iframe>\n\n\n\n<p>W przypadku braku wolnych miejsc prosimy o kontakt na e-mail wyjazdy@rollschool.pl w celu dopisania na list\u0119 rezerwow\u0105<\/p>\n","protected":false},"excerpt":{"rendered":"<p>Zapraszamy na ostatni\u0105 w tym roku edycj\u0119 naszego legendarnego ju\u017c Family Campu w Przysusze. Rollschool Family Camp czyli rodzinnego wyjazdu wakacyjnego dla rodzin po\u0142\u0105czonym z intensywnym kursem jazdy na rolkach. Tutaj rolkami \u017cyjemy 24h na dob\u0119 \ud83d\ude42 Mieszka\u0107 b\u0119dziemy w o\u015brodku Marysie\u0144ka w Przysusze (120 km od Warszawy&nbsp;\u2013 ok. 1,5 h od Warszawy). Galeria zdj\u0119\u0107 [&hellip;]<\/p>\n","protected":false},"author":1,"featured_media":2546,"parent":13,"menu_order":0,"comment_status":"closed","ping_status":"closed","template":"page-full-width-image-wyjazd.php","meta":{"_acf_changed":false,"footnotes":""},"class_list":["post-979","page","type-page","status-publish","has-post-thumbnail","hentry"],"acf":[],"_links":{"self":[{"href":"https:\/\/www.obozrolkowy.pl\/index.php\/wp-json\/wp\/v2\/pages\/979","targetHints":{"allow":["GET"]}}],"collection":[{"href":"https:\/\/www.obozrolkowy.pl\/index.php\/wp-json\/wp\/v2\/pages"}],"about":[{"href":"https:\/\/www.obozrolkowy.pl\/index.php\/wp-json\/wp\/v2\/types\/page"}],"author":[{"embeddable":true,"href":"https:\/\/www.obozrolkowy.pl\/index.php\/wp-json\/wp\/v2\/users\/1"}],"replies":[{"embeddable":true,"href":"https:\/\/www.obozrolkowy.pl\/index.php\/wp-json\/wp\/v2\/comments?post=979"}],"version-history":[{"count":76,"href":"https:\/\/www.obozrolkowy.pl\/index.php\/wp-json\/wp\/v2\/pages\/979\/revisions"}],"predecessor-version":[{"id":2739,"href":"https:\/\/www.obozrolkowy.pl\/index.php\/wp-json\/wp\/v2\/pages\/979\/revisions\/2739"}],"up":[{"embeddable":true,"href":"https:\/\/www.obozrolkowy.pl\/index.php\/wp-json\/wp\/v2\/pages\/13"}],"wp:featuredmedia":[{"embeddable":true,"href":"https:\/\/www.obozrolkowy.pl\/index.php\/wp-json\/wp\/v2\/media\/2546"}],"wp:attachment":[{"href":"https:\/\/www.obozrolkowy.pl\/index.php\/wp-json\/wp\/v2\/media?parent=979"}],"curies":[{"name":"wp","href":"https:\/\/api.w.org\/{rel}","templated":true}]}}